        {"id":2868,"date":"2022-02-02T15:08:57","date_gmt":"2022-02-02T14:08:57","guid":{"rendered":"https:\/\/www.csrugs.com\/brochure\/"},"modified":"2025-10-21T08:34:03","modified_gmt":"2025-10-21T06:34:03","slug":"brochure","status":"publish","type":"page","link":"https:\/\/www.csrugs.com\/de\/brochure\/","title":{"rendered":"Brosch\u00fcre"},"content":{"rendered":"\n<div class=\"wp-block-columns is-layout-flex wp-container-core-columns-is-layout-9d6595d7 wp-block-columns-is-layout-flex\">\n<div class=\"wp-block-column is-layout-flow wp-block-column-is-layout-flow\">\n<h2 class=\"wp-block-heading\">W\u00fcnschen Sie ausf\u00fchrlichere Informationen?<br>Laden Sie unsere kostenlose Brosch\u00fcre herunter!<\/h2>\n\n\n\n<p>Sie m\u00f6chten alles \u00fcber unsere Arbeit und unser Angebot erfahren? Dann laden Sie unsere kostenlose Brosch\u00fcre herunter! In dieser Brosch\u00fcre finden Sie alle unsere Kollektionen und kreativen Designs.<\/p>\n\n\n\n<div class=\"wp-block-buttons is-layout-flex wp-block-buttons-is-layout-flex\">\n<div class=\"wp-block-button\"><a class=\"wp-block-button__link wp-element-button\" href=\"https:\/\/www.csrugs.com\/wp-content\/uploads\/2024\/01\/CSrugs-Magazine.pdf\" target=\"_blank\" rel=\"noreferrer noopener\">Brosch\u00fcre herunterladen<\/a><\/div>\n\n\n\n<div class=\"wp-block-button\"><a class=\"wp-block-button__link wp-element-button\" href=\"https:\/\/www.flipsnack.com\/5685C866AED\/magazine-csrugs-eng-zt9qchzwb1\/full-view.html\">Unser Magazin 2024 ansehen<\/a><\/div>\n\n\n\n<div class=\"wp-block-button\"><a class=\"wp-block-button__link wp-element-button\" href=\"https:\/\/www.csrugs.com\/wp-content\/uploads\/2025\/10\/Magazine-English-digital-10mb.pdf\" target=\"_blank\" rel=\"noreferrer noopener\">Unser Magazin 25 \/ 26 ansehen<\/a><\/div>\n<\/div>\n<\/div>\n\n\n\n<div class=\"wp-block-column is-layout-flow wp-block-column-is-layout-flow\"><\/div>\n<\/div>\n","protected":false},"excerpt":{"rendered":"<p>W\u00fcnschen Sie ausf\u00fchrlichere Informationen?Laden Sie unsere kostenlose Brosch\u00fcre herunter! Sie m\u00f6chten alles \u00fcber unsere Arbeit und unser Angebot erfahren? Dann &hellip;<\/p>\n","protected":false},"author":1,"featured_media":0,"parent":0,"menu_order":0,"comment_status":"closed","ping_status":"closed","template":"","meta":{"footnotes":""},"class_list":["post-2868","page","type-page","status-publish","hentry"],"acf":[],"yoast_head":"<!-- This site is optimized with the Yoast SEO plugin v21.7 - https:\/\/yoast.com\/wordpress\/plugins\/seo\/ -->\n<title>Brosch\u00fcre - CS rugs - Innovative custom made rugs<\/title>\n<meta name=\"robots\" content=\"index, follow, max-snippet:-1, max-image-preview:large, max-video-preview:-1\" \/>\n<link rel=\"canonical\" href=\"https:\/\/www.csrugs.com\/de\/brochure\/\" \/>\n<meta property=\"og:locale\" content=\"de_DE\" \/>\n<meta property=\"og:type\" content=\"article\" \/>\n<meta property=\"og:title\" content=\"Brosch\u00fcre - CS rugs - Innovative custom made rugs\" \/>\n<meta property=\"og:description\" content=\"W\u00fcnschen Sie ausf\u00fchrlichere Informationen?Laden Sie unsere kostenlose Brosch\u00fcre herunter! Sie m\u00f6chten alles \u00fcber unsere Arbeit und unser Angebot erfahren? Dann &hellip;\" \/>\n<meta property=\"og:url\" content=\"https:\/\/www.csrugs.com\/de\/brochure\/\" \/>\n<meta property=\"og:site_name\" content=\"CS rugs\" \/>\n<meta property=\"article:modified_time\" content=\"2025-10-21T06:34:03+00:00\" \/>\n<meta name=\"twitter:card\" content=\"summary_large_image\" \/>\n<meta name=\"twitter:label1\" content=\"Gesch\u00e4tzte Lesezeit\" \/>\n\t<meta name=\"twitter:data1\" content=\"1\u00a0Minute\" \/>\n<script type=\"application\/ld+json\" class=\"yoast-schema-graph\">{\"@context\":\"https:\/\/schema.org\",\"@graph\":[{\"@type\":\"WebPage\",\"@id\":\"https:\/\/www.csrugs.com\/de\/brochure\/\",\"url\":\"https:\/\/www.csrugs.com\/de\/brochure\/\",\"name\":\"Brosch\u00fcre - CS rugs - Innovative custom made rugs\",\"isPartOf\":{\"@id\":\"https:\/\/www.csrugs.com\/de\/#website\"},\"datePublished\":\"2022-02-02T14:08:57+00:00\",\"dateModified\":\"2025-10-21T06:34:03+00:00\",\"inLanguage\":\"de\",\"potentialAction\":[{\"@type\":\"ReadAction\",\"target\":[\"https:\/\/www.csrugs.com\/de\/brochure\/\"]}]},{\"@type\":\"WebSite\",\"@id\":\"https:\/\/www.csrugs.com\/de\/#website\",\"url\":\"https:\/\/www.csrugs.com\/de\/\",\"name\":\"CS rugs\",\"description\":\"Innovative custom made rugs\",\"potentialAction\":[{\"@type\":\"SearchAction\",\"target\":{\"@type\":\"EntryPoint\",\"urlTemplate\":\"https:\/\/www.csrugs.com\/de\/?s={search_term_string}\"},\"query-input\":\"required name=search_term_string\"}],\"inLanguage\":\"de\"}]}<\/script>\n<!-- \/ Yoast SEO plugin. -->","yoast_head_json":{"title":"Brosch\u00fcre - CS rugs - Innovative custom made rugs","robots":{"index":"index","follow":"follow","max-snippet":"max-snippet:-1","max-image-preview":"max-image-preview:large","max-video-preview":"max-video-preview:-1"},"canonical":"https:\/\/www.csrugs.com\/de\/brochure\/","og_locale":"de_DE","og_type":"article","og_title":"Brosch\u00fcre - CS rugs - Innovative custom made rugs","og_description":"W\u00fcnschen Sie ausf\u00fchrlichere Informationen?Laden Sie unsere kostenlose Brosch\u00fcre herunter! Sie m\u00f6chten alles \u00fcber unsere Arbeit und unser Angebot erfahren? Dann &hellip;","og_url":"https:\/\/www.csrugs.com\/de\/brochure\/","og_site_name":"CS rugs","article_modified_time":"2025-10-21T06:34:03+00:00","twitter_card":"summary_large_image","twitter_misc":{"Gesch\u00e4tzte Lesezeit":"1\u00a0Minute"},"schema":{"@context":"https:\/\/schema.org","@graph":[{"@type":"WebPage","@id":"https:\/\/www.csrugs.com\/de\/brochure\/","url":"https:\/\/www.csrugs.com\/de\/brochure\/","name":"Brosch\u00fcre - CS rugs - Innovative custom made rugs","isPartOf":{"@id":"https:\/\/www.csrugs.com\/de\/#website"},"datePublished":"2022-02-02T14:08:57+00:00","dateModified":"2025-10-21T06:34:03+00:00","inLanguage":"de","potentialAction":[{"@type":"ReadAction","target":["https:\/\/www.csrugs.com\/de\/brochure\/"]}]},{"@type":"WebSite","@id":"https:\/\/www.csrugs.com\/de\/#website","url":"https:\/\/www.csrugs.com\/de\/","name":"CS rugs","description":"Innovative custom made rugs","potentialAction":[{"@type":"SearchAction","target":{"@type":"EntryPoint","urlTemplate":"https:\/\/www.csrugs.com\/de\/?s={search_term_string}"},"query-input":"required name=search_term_string"}],"inLanguage":"de"}]}},"_links":{"self":[{"href":"https:\/\/www.csrugs.com\/de\/wp-json\/wp\/v2\/pages\/2868","targetHints":{"allow":["GET"]}}],"collection":[{"href":"https:\/\/www.csrugs.com\/de\/wp-json\/wp\/v2\/pages"}],"about":[{"href":"https:\/\/www.csrugs.com\/de\/wp-json\/wp\/v2\/types\/page"}],"author":[{"embeddable":true,"href":"https:\/\/www.csrugs.com\/de\/wp-json\/wp\/v2\/users\/1"}],"replies":[{"embeddable":true,"href":"https:\/\/www.csrugs.com\/de\/wp-json\/wp\/v2\/comments?post=2868"}],"version-history":[{"count":12,"href":"https:\/\/www.csrugs.com\/de\/wp-json\/wp\/v2\/pages\/2868\/revisions"}],"predecessor-version":[{"id":6211,"href":"https:\/\/www.csrugs.com\/de\/wp-json\/wp\/v2\/pages\/2868\/revisions\/6211"}],"wp:attachment":[{"href":"https:\/\/www.csrugs.com\/de\/wp-json\/wp\/v2\/media?parent=2868"}],"curies":[{"name":"wp","href":"https:\/\/api.w.org\/{rel}","templated":true}]}}