        {"id":2880,"date":"2022-03-29T14:12:01","date_gmt":"2022-03-29T12:12:01","guid":{"rendered":"https:\/\/www.csrugs.com\/warranty-maintenance\/"},"modified":"2023-03-01T09:37:36","modified_gmt":"2023-03-01T08:37:36","slug":"warranty-maintenance","status":"publish","type":"page","link":"https:\/\/www.csrugs.com\/de\/warranty-maintenance\/","title":{"rendered":"Garantie und Pflege"},"content":{"rendered":"\n<div class=\"wp-block-columns is-layout-flex wp-container-core-columns-is-layout-9d6595d7 wp-block-columns-is-layout-flex\">\n<div class=\"wp-block-column is-layout-flow wp-block-column-is-layout-flow\" style=\"flex-basis:33%\">\n<p>Willkommen auf unserer Pflegeseite! Mit der richtigen Pflege werden Sie lange viel Freude an Ihrem Teppich haben.&nbsp; Wir gew\u00e4hren 3 Jahre Garantie auf unsere Teppiche. Sie k\u00f6nnen diese auf 5 Jahre verl\u00e4ngern.&nbsp; Wenn Sie das untenstehende Formular ausf\u00fcllen, wird Ihre Garantie in unserem System registriert und Sie erhalten automatisch eine erweiterte 5-Jahres-Garantie. Au\u00dferdem erhalten Sie von uns Pflegehinweise f\u00fcr Ihren Teppich, die sofort nach der Registrierung verf\u00fcgbar sind.<\/p>\n\n\n\n<h2 class=\"wp-block-heading\">Frage Sie Ihre Garantie und Pflegehinweise an<\/h2>\n\n\n\n<p>Die Pflegehinweise bieten Ihnen L\u00f6sungen und Hinweise f\u00fcr die t\u00e4gliche Pflege, das Staubsaugen, die Fleckentfernung sowie f\u00fcr die professionelle Teppichreinigung. So werden Sie lange Freude an Ihrem Teppich haben! F\u00fcllen Sie einfach das untenstehende Formular aus und lassen Sie Ihre Garantie zusammen mit der Pflegeberatung registrieren.<\/p>\n\n\n\n<div class=\"active-campaign-form\" id=\"warranty-maintenance\"><div class=\"_form_19\"><\/div><script src=\"https:\/\/hellocsrugs.activehosted.com\/f\/embed.php?id=19\" type=\"text\/javascript\" charset=\"utf-8\"><\/script><\/div>\n<\/div>\n\n\n\n<div class=\"wp-block-column is-layout-flow wp-block-column-is-layout-flow\" style=\"flex-basis:50%\">\n<figure class=\"wp-block-image size-full\"><img loading=\"lazy\" decoding=\"async\" width=\"878\" height=\"500\" src=\"https:\/\/csrugs.com.s927.whserver.nl\/wp-content\/uploads\/2022\/03\/warranty-maintenance.png\" alt=\"\" class=\"wp-image-2254\" srcset=\"https:\/\/www.csrugs.com\/wp-content\/uploads\/2022\/03\/warranty-maintenance.png 878w, https:\/\/www.csrugs.com\/wp-content\/uploads\/2022\/03\/warranty-maintenance-300x171.png 300w, https:\/\/www.csrugs.com\/wp-content\/uploads\/2022\/03\/warranty-maintenance-768x437.png 768w\" sizes=\"auto, (max-width: 878px) 100vw, 878px\" \/><\/figure>\n<\/div>\n<\/div>\n","protected":false},"excerpt":{"rendered":"<p>Willkommen auf unserer Pflegeseite! Mit der richtigen Pflege werden Sie lange viel Freude an Ihrem Teppich haben.&nbsp; Wir gew\u00e4hren 3 &hellip;<\/p>\n","protected":false},"author":1,"featured_media":0,"parent":0,"menu_order":0,"comment_status":"closed","ping_status":"closed","template":"","meta":{"footnotes":""},"class_list":["post-2880","page","type-page","status-publish","hentry"],"acf":[],"yoast_head":"<!-- This site is optimized with the Yoast SEO plugin v21.7 - https:\/\/yoast.com\/wordpress\/plugins\/seo\/ -->\n<title>Garantie und Pflege - CS rugs - Innovative custom made rugs<\/title>\n<meta name=\"robots\" content=\"index, follow, max-snippet:-1, max-image-preview:large, max-video-preview:-1\" \/>\n<link rel=\"canonical\" href=\"https:\/\/www.csrugs.com\/de\/warranty-maintenance\/\" \/>\n<meta property=\"og:locale\" content=\"de_DE\" \/>\n<meta property=\"og:type\" content=\"article\" \/>\n<meta property=\"og:title\" content=\"Garantie und Pflege - CS rugs - Innovative custom made rugs\" \/>\n<meta property=\"og:description\" content=\"Willkommen auf unserer Pflegeseite! Mit der richtigen Pflege werden Sie lange viel Freude an Ihrem Teppich haben.&nbsp; Wir gew\u00e4hren 3 &hellip;\" \/>\n<meta property=\"og:url\" content=\"https:\/\/www.csrugs.com\/de\/warranty-maintenance\/\" \/>\n<meta property=\"og:site_name\" content=\"CS rugs\" \/>\n<meta property=\"article:modified_time\" content=\"2023-03-01T08:37:36+00:00\" \/>\n<meta property=\"og:image\" content=\"https:\/\/csrugs.com.s927.whserver.nl\/wp-content\/uploads\/2022\/03\/warranty-maintenance.png\" \/>\n<meta name=\"twitter:card\" content=\"summary_large_image\" \/>\n<meta name=\"twitter:label1\" content=\"Gesch\u00e4tzte Lesezeit\" \/>\n\t<meta name=\"twitter:data1\" content=\"1\u00a0Minute\" \/>\n<script type=\"application\/ld+json\" class=\"yoast-schema-graph\">{\"@context\":\"https:\/\/schema.org\",\"@graph\":[{\"@type\":\"WebPage\",\"@id\":\"https:\/\/www.csrugs.com\/de\/warranty-maintenance\/\",\"url\":\"https:\/\/www.csrugs.com\/de\/warranty-maintenance\/\",\"name\":\"Garantie und Pflege - CS rugs - Innovative custom made rugs\",\"isPartOf\":{\"@id\":\"https:\/\/www.csrugs.com\/de\/#website\"},\"datePublished\":\"2022-03-29T12:12:01+00:00\",\"dateModified\":\"2023-03-01T08:37:36+00:00\",\"inLanguage\":\"de\",\"potentialAction\":[{\"@type\":\"ReadAction\",\"target\":[\"https:\/\/www.csrugs.com\/de\/warranty-maintenance\/\"]}]},{\"@type\":\"WebSite\",\"@id\":\"https:\/\/www.csrugs.com\/de\/#website\",\"url\":\"https:\/\/www.csrugs.com\/de\/\",\"name\":\"CS rugs\",\"description\":\"Innovative custom made rugs\",\"potentialAction\":[{\"@type\":\"SearchAction\",\"target\":{\"@type\":\"EntryPoint\",\"urlTemplate\":\"https:\/\/www.csrugs.com\/de\/?s={search_term_string}\"},\"query-input\":\"required name=search_term_string\"}],\"inLanguage\":\"de\"}]}<\/script>\n<!-- \/ Yoast SEO plugin. -->","yoast_head_json":{"title":"Garantie und Pflege - CS rugs - Innovative custom made rugs","robots":{"index":"index","follow":"follow","max-snippet":"max-snippet:-1","max-image-preview":"max-image-preview:large","max-video-preview":"max-video-preview:-1"},"canonical":"https:\/\/www.csrugs.com\/de\/warranty-maintenance\/","og_locale":"de_DE","og_type":"article","og_title":"Garantie und Pflege - CS rugs - Innovative custom made rugs","og_description":"Willkommen auf unserer Pflegeseite! Mit der richtigen Pflege werden Sie lange viel Freude an Ihrem Teppich haben.&nbsp; Wir gew\u00e4hren 3 &hellip;","og_url":"https:\/\/www.csrugs.com\/de\/warranty-maintenance\/","og_site_name":"CS rugs","article_modified_time":"2023-03-01T08:37:36+00:00","og_image":[{"url":"https:\/\/csrugs.com.s927.whserver.nl\/wp-content\/uploads\/2022\/03\/warranty-maintenance.png"}],"twitter_card":"summary_large_image","twitter_misc":{"Gesch\u00e4tzte Lesezeit":"1\u00a0Minute"},"schema":{"@context":"https:\/\/schema.org","@graph":[{"@type":"WebPage","@id":"https:\/\/www.csrugs.com\/de\/warranty-maintenance\/","url":"https:\/\/www.csrugs.com\/de\/warranty-maintenance\/","name":"Garantie und Pflege - CS rugs - Innovative custom made rugs","isPartOf":{"@id":"https:\/\/www.csrugs.com\/de\/#website"},"datePublished":"2022-03-29T12:12:01+00:00","dateModified":"2023-03-01T08:37:36+00:00","inLanguage":"de","potentialAction":[{"@type":"ReadAction","target":["https:\/\/www.csrugs.com\/de\/warranty-maintenance\/"]}]},{"@type":"WebSite","@id":"https:\/\/www.csrugs.com\/de\/#website","url":"https:\/\/www.csrugs.com\/de\/","name":"CS rugs","description":"Innovative custom made rugs","potentialAction":[{"@type":"SearchAction","target":{"@type":"EntryPoint","urlTemplate":"https:\/\/www.csrugs.com\/de\/?s={search_term_string}"},"query-input":"required name=search_term_string"}],"inLanguage":"de"}]}},"_links":{"self":[{"href":"https:\/\/www.csrugs.com\/de\/wp-json\/wp\/v2\/pages\/2880","targetHints":{"allow":["GET"]}}],"collection":[{"href":"https:\/\/www.csrugs.com\/de\/wp-json\/wp\/v2\/pages"}],"about":[{"href":"https:\/\/www.csrugs.com\/de\/wp-json\/wp\/v2\/types\/page"}],"author":[{"embeddable":true,"href":"https:\/\/www.csrugs.com\/de\/wp-json\/wp\/v2\/users\/1"}],"replies":[{"embeddable":true,"href":"https:\/\/www.csrugs.com\/de\/wp-json\/wp\/v2\/comments?post=2880"}],"version-history":[{"count":3,"href":"https:\/\/www.csrugs.com\/de\/wp-json\/wp\/v2\/pages\/2880\/revisions"}],"predecessor-version":[{"id":3867,"href":"https:\/\/www.csrugs.com\/de\/wp-json\/wp\/v2\/pages\/2880\/revisions\/3867"}],"wp:attachment":[{"href":"https:\/\/www.csrugs.com\/de\/wp-json\/wp\/v2\/media?parent=2880"}],"curies":[{"name":"wp","href":"https:\/\/api.w.org\/{rel}","templated":true}]}}