        {"id":3017,"date":"2021-09-16T09:14:31","date_gmt":"2021-09-16T07:14:31","guid":{"rendered":"https:\/\/www.csrugs.com\/support\/"},"modified":"2023-03-10T12:57:53","modified_gmt":"2023-03-10T11:57:53","slug":"support","status":"publish","type":"page","link":"https:\/\/www.csrugs.com\/de\/support\/","title":{"rendered":"Support"},"content":{"rendered":"\n<div class=\"wp-block-columns is-layout-flex wp-container-core-columns-is-layout-9d6595d7 wp-block-columns-is-layout-flex\">\n<div class=\"wp-block-column is-layout-flow wp-block-column-is-layout-flow\" style=\"flex-basis:66.66%\">\n<h2 class=\"wp-block-heading\">Wir unterst\u00fczen Sie gern bei der Auswahl und Zusammenstellung eines passenden Ma\u00dfteppichs f\u00fcr Ihr Interieur oder Projekt.<\/h2>\n<\/div>\n\n\n\n<div class=\"wp-block-column is-layout-flow wp-block-column-is-layout-flow\" style=\"flex-basis:33.33%\"><\/div>\n<\/div>\n","protected":false},"excerpt":{"rendered":"<p>Wir unterst\u00fczen Sie gern bei der Auswahl und Zusammenstellung eines passenden Ma\u00dfteppichs f\u00fcr Ihr Interieur oder Projekt.<\/p>\n","protected":false},"author":1,"featured_media":0,"parent":0,"menu_order":0,"comment_status":"closed","ping_status":"closed","template":"tl-support.php","meta":{"footnotes":""},"class_list":["post-3017","page","type-page","status-publish","hentry"],"acf":[],"yoast_head":"<!-- This site is optimized with the Yoast SEO plugin v21.7 - https:\/\/yoast.com\/wordpress\/plugins\/seo\/ -->\n<title>Support - CS rugs - Innovative custom made rugs<\/title>\n<meta name=\"robots\" content=\"index, follow, max-snippet:-1, max-image-preview:large, max-video-preview:-1\" \/>\n<link rel=\"canonical\" href=\"https:\/\/www.csrugs.com\/de\/support\/\" \/>\n<meta property=\"og:locale\" content=\"de_DE\" \/>\n<meta property=\"og:type\" content=\"article\" \/>\n<meta property=\"og:title\" content=\"Support - CS rugs - Innovative custom made rugs\" \/>\n<meta property=\"og:description\" content=\"Wir unterst\u00fczen Sie gern bei der Auswahl und Zusammenstellung eines passenden Ma\u00dfteppichs f\u00fcr Ihr Interieur oder Projekt.\" \/>\n<meta property=\"og:url\" content=\"https:\/\/www.csrugs.com\/de\/support\/\" \/>\n<meta property=\"og:site_name\" content=\"CS rugs\" \/>\n<meta property=\"article:modified_time\" content=\"2023-03-10T11:57:53+00:00\" \/>\n<meta name=\"twitter:card\" content=\"summary_large_image\" \/>\n<meta name=\"twitter:label1\" content=\"Gesch\u00e4tzte Lesezeit\" \/>\n\t<meta name=\"twitter:data1\" content=\"1\u00a0Minute\" \/>\n<script type=\"application\/ld+json\" class=\"yoast-schema-graph\">{\"@context\":\"https:\/\/schema.org\",\"@graph\":[{\"@type\":\"WebPage\",\"@id\":\"https:\/\/www.csrugs.com\/de\/support\/\",\"url\":\"https:\/\/www.csrugs.com\/de\/support\/\",\"name\":\"Support - CS rugs - Innovative custom made rugs\",\"isPartOf\":{\"@id\":\"https:\/\/www.csrugs.com\/de\/#website\"},\"datePublished\":\"2021-09-16T07:14:31+00:00\",\"dateModified\":\"2023-03-10T11:57:53+00:00\",\"inLanguage\":\"de\",\"potentialAction\":[{\"@type\":\"ReadAction\",\"target\":[\"https:\/\/www.csrugs.com\/de\/support\/\"]}]},{\"@type\":\"WebSite\",\"@id\":\"https:\/\/www.csrugs.com\/de\/#website\",\"url\":\"https:\/\/www.csrugs.com\/de\/\",\"name\":\"CS rugs\",\"description\":\"Innovative custom made rugs\",\"potentialAction\":[{\"@type\":\"SearchAction\",\"target\":{\"@type\":\"EntryPoint\",\"urlTemplate\":\"https:\/\/www.csrugs.com\/de\/?s={search_term_string}\"},\"query-input\":\"required name=search_term_string\"}],\"inLanguage\":\"de\"}]}<\/script>\n<!-- \/ Yoast SEO plugin. -->","yoast_head_json":{"title":"Support - CS rugs - Innovative custom made rugs","robots":{"index":"index","follow":"follow","max-snippet":"max-snippet:-1","max-image-preview":"max-image-preview:large","max-video-preview":"max-video-preview:-1"},"canonical":"https:\/\/www.csrugs.com\/de\/support\/","og_locale":"de_DE","og_type":"article","og_title":"Support - CS rugs - Innovative custom made rugs","og_description":"Wir unterst\u00fczen Sie gern bei der Auswahl und Zusammenstellung eines passenden Ma\u00dfteppichs f\u00fcr Ihr Interieur oder Projekt.","og_url":"https:\/\/www.csrugs.com\/de\/support\/","og_site_name":"CS rugs","article_modified_time":"2023-03-10T11:57:53+00:00","twitter_card":"summary_large_image","twitter_misc":{"Gesch\u00e4tzte Lesezeit":"1\u00a0Minute"},"schema":{"@context":"https:\/\/schema.org","@graph":[{"@type":"WebPage","@id":"https:\/\/www.csrugs.com\/de\/support\/","url":"https:\/\/www.csrugs.com\/de\/support\/","name":"Support - CS rugs - Innovative custom made rugs","isPartOf":{"@id":"https:\/\/www.csrugs.com\/de\/#website"},"datePublished":"2021-09-16T07:14:31+00:00","dateModified":"2023-03-10T11:57:53+00:00","inLanguage":"de","potentialAction":[{"@type":"ReadAction","target":["https:\/\/www.csrugs.com\/de\/support\/"]}]},{"@type":"WebSite","@id":"https:\/\/www.csrugs.com\/de\/#website","url":"https:\/\/www.csrugs.com\/de\/","name":"CS rugs","description":"Innovative custom made rugs","potentialAction":[{"@type":"SearchAction","target":{"@type":"EntryPoint","urlTemplate":"https:\/\/www.csrugs.com\/de\/?s={search_term_string}"},"query-input":"required name=search_term_string"}],"inLanguage":"de"}]}},"_links":{"self":[{"href":"https:\/\/www.csrugs.com\/de\/wp-json\/wp\/v2\/pages\/3017","targetHints":{"allow":["GET"]}}],"collection":[{"href":"https:\/\/www.csrugs.com\/de\/wp-json\/wp\/v2\/pages"}],"about":[{"href":"https:\/\/www.csrugs.com\/de\/wp-json\/wp\/v2\/types\/page"}],"author":[{"embeddable":true,"href":"https:\/\/www.csrugs.com\/de\/wp-json\/wp\/v2\/users\/1"}],"replies":[{"embeddable":true,"href":"https:\/\/www.csrugs.com\/de\/wp-json\/wp\/v2\/comments?post=3017"}],"version-history":[{"count":2,"href":"https:\/\/www.csrugs.com\/de\/wp-json\/wp\/v2\/pages\/3017\/revisions"}],"predecessor-version":[{"id":3893,"href":"https:\/\/www.csrugs.com\/de\/wp-json\/wp\/v2\/pages\/3017\/revisions\/3893"}],"wp:attachment":[{"href":"https:\/\/www.csrugs.com\/de\/wp-json\/wp\/v2\/media?parent=3017"}],"curies":[{"name":"wp","href":"https:\/\/api.w.org\/{rel}","templated":true}]}}