        {"id":3021,"date":"2021-10-06T10:50:49","date_gmt":"2021-10-06T08:50:49","guid":{"rendered":"https:\/\/www.csrugs.com\/support\/size-advice\/"},"modified":"2022-08-17T14:07:02","modified_gmt":"2022-08-17T12:07:02","slug":"size-advice","status":"publish","type":"page","link":"https:\/\/www.csrugs.com\/de\/support\/size-advice\/","title":{"rendered":"Wahl der Teppichgr\u00f6\u00dfe"},"content":{"rendered":"\n<div class=\"wp-block-columns is-layout-flex wp-container-core-columns-is-layout-9d6595d7 wp-block-columns-is-layout-flex\">\n<div class=\"wp-block-column is-layout-flow wp-block-column-is-layout-flow\">\n<h2 class=\"wp-block-heading\" id=\"the-size-of-your-rug-is-of-course-very-personal-and-depends-on-the-space-given-but-we-do-have-some-tips\">Die Festlegung der Gr\u00f6\u00dfe Ihres Teppichs ist sehr pers\u00f6nlich und h\u00e4ngt u.a. von den r\u00e4umlichen Gegebenheiten ab. Nachfolgend haben wir einige Tipps f\u00fcr Sie.<\/h2>\n\n\n\n<p>Nat\u00fcrlich helfen Ihnen unsere Fachhandelspartner gerne dabei, die passenden Teppichgr\u00f6\u00dfe &nbsp;zu w\u00e4hlen.<\/p>\n\n\n\n<p>Hinweise zur Gr\u00f6\u00dfenbestimmung: Bei einem rechteckigen Teppich empfehlen wir, den Teppich bis circa unter die H\u00e4lfte der Sitzfl\u00e4che des Sofas sowie beidseitig symmetrisch zu platzieren. Dies schafft eine ansprechende Umrandung des Sitzbereiches. Wenn m\u00f6glich, empfehlen wir au\u00dferdem, den Teppich alle sechs Monate zu drehen, um eine m\u00f6glichst gleichm\u00e4\u00dfige Belastung zu gew\u00e4hrleisten. F\u00fcr den Essbereich empfehlen wir ein Teppichma\u00df, bei welchem die St\u00fchle immer komplett auf den Teppich zu stehen, also auch dann, wenn der Stuhl nach hinten geschoben wird.<\/p>\n\n\n\n<p>Haben Sie schon einmal \u00fcber einen runden Teppich oder einen Teppich in organischer Form nachgedacht? Mit diesen Formen k\u00f6nnen Sie ein v\u00f6llig neues Raumgef\u00fchl schaffen!<\/p>\n\n\n\n<div class=\"wp-block-buttons is-layout-flex wp-block-buttons-is-layout-flex\">\n<div class=\"wp-block-button\"><a class=\"wp-block-button__link\" href=\"https:\/\/www.csrugs.com\/wp-content\/uploads\/2022\/05\/Shapes-boekje-110522-drukker.pdf\">Formen sehen<\/a><\/div>\n<\/div>\n<\/div>\n\n\n\n<div class=\"wp-block-column is-layout-flow wp-block-column-is-layout-flow\"><div class=\"wp-block-image\">\n<figure class=\"aligncenter size-large is-resized\"><img loading=\"lazy\" decoding=\"async\" src=\"https:\/\/csrugs.com.s927.whserver.nl\/wp-content\/uploads\/2022\/01\/csrugs-size-advice-732x1024.jpg\" alt=\"\" class=\"wp-image-1687\" width=\"366\" height=\"512\" srcset=\"https:\/\/www.csrugs.com\/wp-content\/uploads\/2022\/01\/csrugs-size-advice-732x1024.jpg 732w, https:\/\/www.csrugs.com\/wp-content\/uploads\/2022\/01\/csrugs-size-advice-214x300.jpg 214w, https:\/\/www.csrugs.com\/wp-content\/uploads\/2022\/01\/csrugs-size-advice-768x1075.jpg 768w, https:\/\/www.csrugs.com\/wp-content\/uploads\/2022\/01\/csrugs-size-advice.jpg 1024w\" sizes=\"auto, (max-width: 366px) 100vw, 366px\" \/><\/figure>\n<\/div><\/div>\n<\/div>\n","protected":false},"excerpt":{"rendered":"<p>Die Festlegung der Gr\u00f6\u00dfe Ihres Teppichs ist sehr pers\u00f6nlich und h\u00e4ngt u.a. von den r\u00e4umlichen Gegebenheiten ab. Nachfolgend haben wir &hellip;<\/p>\n","protected":false},"author":1,"featured_media":2041,"parent":3017,"menu_order":1,"comment_status":"closed","ping_status":"closed","template":"","meta":{"footnotes":""},"class_list":["post-3021","page","type-page","status-publish","has-post-thumbnail","hentry"],"acf":[],"yoast_head":"<!-- This site is optimized with the Yoast SEO plugin v21.7 - https:\/\/yoast.com\/wordpress\/plugins\/seo\/ -->\n<title>Wahl der Teppichgr\u00f6\u00dfe - CS rugs - Innovative custom made rugs<\/title>\n<meta name=\"robots\" content=\"index, follow, max-snippet:-1, max-image-preview:large, max-video-preview:-1\" \/>\n<link rel=\"canonical\" href=\"https:\/\/www.csrugs.com\/de\/support\/size-advice\/\" \/>\n<meta property=\"og:locale\" content=\"de_DE\" \/>\n<meta property=\"og:type\" content=\"article\" \/>\n<meta property=\"og:title\" content=\"Wahl der Teppichgr\u00f6\u00dfe - CS rugs - Innovative custom made rugs\" \/>\n<meta property=\"og:description\" content=\"Die Festlegung der Gr\u00f6\u00dfe Ihres Teppichs ist sehr pers\u00f6nlich und h\u00e4ngt u.a. von den r\u00e4umlichen Gegebenheiten ab. Nachfolgend haben wir &hellip;\" \/>\n<meta property=\"og:url\" content=\"https:\/\/www.csrugs.com\/de\/support\/size-advice\/\" \/>\n<meta property=\"og:site_name\" content=\"CS rugs\" \/>\n<meta property=\"article:modified_time\" content=\"2022-08-17T12:07:02+00:00\" \/>\n<meta property=\"og:image\" content=\"https:\/\/www.csrugs.com\/wp-content\/uploads\/2022\/02\/size-advice.jpg\" \/>\n\t<meta property=\"og:image:width\" content=\"1600\" \/>\n\t<meta property=\"og:image:height\" content=\"1067\" \/>\n\t<meta property=\"og:image:type\" content=\"image\/jpeg\" \/>\n<meta name=\"twitter:card\" content=\"summary_large_image\" \/>\n<meta name=\"twitter:label1\" content=\"Gesch\u00e4tzte Lesezeit\" \/>\n\t<meta name=\"twitter:data1\" content=\"1\u00a0Minute\" \/>\n<script type=\"application\/ld+json\" class=\"yoast-schema-graph\">{\"@context\":\"https:\/\/schema.org\",\"@graph\":[{\"@type\":\"WebPage\",\"@id\":\"https:\/\/www.csrugs.com\/de\/support\/size-advice\/\",\"url\":\"https:\/\/www.csrugs.com\/de\/support\/size-advice\/\",\"name\":\"Wahl der Teppichgr\u00f6\u00dfe - CS rugs - Innovative custom made rugs\",\"isPartOf\":{\"@id\":\"https:\/\/www.csrugs.com\/de\/#website\"},\"datePublished\":\"2021-10-06T08:50:49+00:00\",\"dateModified\":\"2022-08-17T12:07:02+00:00\",\"breadcrumb\":{\"@id\":\"https:\/\/www.csrugs.com\/de\/support\/size-advice\/#breadcrumb\"},\"inLanguage\":\"de\",\"potentialAction\":[{\"@type\":\"ReadAction\",\"target\":[\"https:\/\/www.csrugs.com\/de\/support\/size-advice\/\"]}]},{\"@type\":\"BreadcrumbList\",\"@id\":\"https:\/\/www.csrugs.com\/de\/support\/size-advice\/#breadcrumb\",\"itemListElement\":[{\"@type\":\"ListItem\",\"position\":1,\"name\":\"Support\",\"item\":\"https:\/\/www.csrugs.com\/de\/support\/\"},{\"@type\":\"ListItem\",\"position\":2,\"name\":\"Wahl der Teppichgr\u00f6\u00dfe\"}]},{\"@type\":\"WebSite\",\"@id\":\"https:\/\/www.csrugs.com\/de\/#website\",\"url\":\"https:\/\/www.csrugs.com\/de\/\",\"name\":\"CS rugs\",\"description\":\"Innovative custom made rugs\",\"potentialAction\":[{\"@type\":\"SearchAction\",\"target\":{\"@type\":\"EntryPoint\",\"urlTemplate\":\"https:\/\/www.csrugs.com\/de\/?s={search_term_string}\"},\"query-input\":\"required name=search_term_string\"}],\"inLanguage\":\"de\"}]}<\/script>\n<!-- \/ Yoast SEO plugin. -->","yoast_head_json":{"title":"Wahl der Teppichgr\u00f6\u00dfe - CS rugs - Innovative custom made rugs","robots":{"index":"index","follow":"follow","max-snippet":"max-snippet:-1","max-image-preview":"max-image-preview:large","max-video-preview":"max-video-preview:-1"},"canonical":"https:\/\/www.csrugs.com\/de\/support\/size-advice\/","og_locale":"de_DE","og_type":"article","og_title":"Wahl der Teppichgr\u00f6\u00dfe - CS rugs - Innovative custom made rugs","og_description":"Die Festlegung der Gr\u00f6\u00dfe Ihres Teppichs ist sehr pers\u00f6nlich und h\u00e4ngt u.a. von den r\u00e4umlichen Gegebenheiten ab. Nachfolgend haben wir &hellip;","og_url":"https:\/\/www.csrugs.com\/de\/support\/size-advice\/","og_site_name":"CS rugs","article_modified_time":"2022-08-17T12:07:02+00:00","og_image":[{"width":1600,"height":1067,"url":"https:\/\/www.csrugs.com\/wp-content\/uploads\/2022\/02\/size-advice.jpg","type":"image\/jpeg"}],"twitter_card":"summary_large_image","twitter_misc":{"Gesch\u00e4tzte Lesezeit":"1\u00a0Minute"},"schema":{"@context":"https:\/\/schema.org","@graph":[{"@type":"WebPage","@id":"https:\/\/www.csrugs.com\/de\/support\/size-advice\/","url":"https:\/\/www.csrugs.com\/de\/support\/size-advice\/","name":"Wahl der Teppichgr\u00f6\u00dfe - CS rugs - Innovative custom made rugs","isPartOf":{"@id":"https:\/\/www.csrugs.com\/de\/#website"},"datePublished":"2021-10-06T08:50:49+00:00","dateModified":"2022-08-17T12:07:02+00:00","breadcrumb":{"@id":"https:\/\/www.csrugs.com\/de\/support\/size-advice\/#breadcrumb"},"inLanguage":"de","potentialAction":[{"@type":"ReadAction","target":["https:\/\/www.csrugs.com\/de\/support\/size-advice\/"]}]},{"@type":"BreadcrumbList","@id":"https:\/\/www.csrugs.com\/de\/support\/size-advice\/#breadcrumb","itemListElement":[{"@type":"ListItem","position":1,"name":"Support","item":"https:\/\/www.csrugs.com\/de\/support\/"},{"@type":"ListItem","position":2,"name":"Wahl der Teppichgr\u00f6\u00dfe"}]},{"@type":"WebSite","@id":"https:\/\/www.csrugs.com\/de\/#website","url":"https:\/\/www.csrugs.com\/de\/","name":"CS rugs","description":"Innovative custom made rugs","potentialAction":[{"@type":"SearchAction","target":{"@type":"EntryPoint","urlTemplate":"https:\/\/www.csrugs.com\/de\/?s={search_term_string}"},"query-input":"required name=search_term_string"}],"inLanguage":"de"}]}},"_links":{"self":[{"href":"https:\/\/www.csrugs.com\/de\/wp-json\/wp\/v2\/pages\/3021","targetHints":{"allow":["GET"]}}],"collection":[{"href":"https:\/\/www.csrugs.com\/de\/wp-json\/wp\/v2\/pages"}],"about":[{"href":"https:\/\/www.csrugs.com\/de\/wp-json\/wp\/v2\/types\/page"}],"author":[{"embeddable":true,"href":"https:\/\/www.csrugs.com\/de\/wp-json\/wp\/v2\/users\/1"}],"replies":[{"embeddable":true,"href":"https:\/\/www.csrugs.com\/de\/wp-json\/wp\/v2\/comments?post=3021"}],"version-history":[{"count":2,"href":"https:\/\/www.csrugs.com\/de\/wp-json\/wp\/v2\/pages\/3021\/revisions"}],"predecessor-version":[{"id":3027,"href":"https:\/\/www.csrugs.com\/de\/wp-json\/wp\/v2\/pages\/3021\/revisions\/3027"}],"up":[{"embeddable":true,"href":"https:\/\/www.csrugs.com\/de\/wp-json\/wp\/v2\/pages\/3017"}],"wp:featuredmedia":[{"embeddable":true,"href":"https:\/\/www.csrugs.com\/de\/wp-json\/wp\/v2\/media\/2041"}],"wp:attachment":[{"href":"https:\/\/www.csrugs.com\/de\/wp-json\/wp\/v2\/media?parent=3021"}],"curies":[{"name":"wp","href":"https:\/\/api.w.org\/{rel}","templated":true}]}}