        {"id":3029,"date":"2021-10-06T10:51:46","date_gmt":"2021-10-06T08:51:46","guid":{"rendered":"https:\/\/www.csrugs.com\/support\/sustainability-contribution\/"},"modified":"2025-03-10T15:32:03","modified_gmt":"2025-03-10T14:32:03","slug":"sustainability-contribution","status":"publish","type":"page","link":"https:\/\/www.csrugs.com\/de\/support\/sustainability-contribution\/","title":{"rendered":"Nachhaltigkeit"},"content":{"rendered":"\n<div class=\"wp-block-columns is-layout-flex wp-container-core-columns-is-layout-9d6595d7 wp-block-columns-is-layout-flex\">\n<div class=\"wp-block-column is-layout-flow wp-block-column-is-layout-flow\">\n<h2 class=\"wp-block-heading\" id=\"considerable-contribution-to-our-fragile-planet-is-anchored-in-our-company\">Die Fertigung hochwertiger und langlebiger Produkte, welche die Umwelt schonen, geh\u00f6rt zum festen Bestandteil unserer Firmenphilosophie.<\/h2>\n\n\n\n<p>Als produzierendes Unternehmen sind wir uns \u00fcber jeden Schritt, welchen die Herstellung unserer Teppiche erfordert, bewusst. Es wurde eine Vielzahl von Ma\u00dfnahmen ergriffen, um so nachhaltig wie m\u00f6glich zu produzieren. Sorgf\u00e4ltige Materialauswahl, Energieeinsparung und Recycling sind in unserem Entwicklungs- und Herstellungsprozess fest verankert. Dies ist ein sich st\u00e4ndig weiterentwickelnder Prozess, den wir kontinuierlich \u00fcberpr\u00fcfen. Das beigef\u00fcgte Dokument beschreibt unser Nachhaltigkeitsbewusstsein im Detail.<\/p>\n\n\n\n<p>Dar\u00fcber hinaus ist CSrugs Teil der Future Factory Furniture Group, einer Gruppe renommierter M\u00f6belmarken, die gemeinsam mit dem Branchenverband der M\u00f6belindustrie nachhaltige Produktion und ein europ\u00e4isches Nachhaltigkeitssiegel anstreben. F\u00fcr weitere Informationen:<\/p>\n\n\n\n<p><a href=\"https:\/\/www.futurefactoryfurniture.com\/\">https:\/\/www.futurefactoryfurniture.com\/<\/a><\/p>\n\n\n\n<p><\/p>\n\n\n\n<div style=\"height:50px\" aria-hidden=\"true\" class=\"wp-block-spacer\"><\/div>\n\n\n\n<div class=\"wp-block-buttons is-layout-flex wp-block-buttons-is-layout-flex\">\n<div class=\"wp-block-button\"><a class=\"wp-block-button__link wp-element-button\" href=\"https:\/\/www.csrugs.com\/wp-content\/uploads\/2022\/01\/cs-rugs-sustainability-contribution.pdf\">Nachhaltigkeitsbeitrag herunterladen<\/a><\/div>\n<\/div>\n<\/div>\n\n\n\n<div class=\"wp-block-column is-vertically-aligned-center is-layout-flow wp-block-column-is-layout-flow\">\n<figure class=\"wp-block-gallery aligncenter has-nested-images columns-default is-cropped wp-block-gallery-1 is-layout-flex wp-block-gallery-is-layout-flex\">\n<figure class=\"wp-block-image size-full\"><img loading=\"lazy\" decoding=\"async\" width=\"961\" height=\"961\" data-id=\"1835\" src=\"https:\/\/www.csrugs.com\/wp-content\/uploads\/2022\/01\/sustainable-sheep.jpg\" alt=\"\" class=\"wp-image-1835\" srcset=\"https:\/\/www.csrugs.com\/wp-content\/uploads\/2022\/01\/sustainable-sheep.jpg 961w, https:\/\/www.csrugs.com\/wp-content\/uploads\/2022\/01\/sustainable-sheep-300x300.jpg 300w, https:\/\/www.csrugs.com\/wp-content\/uploads\/2022\/01\/sustainable-sheep-150x150.jpg 150w, https:\/\/www.csrugs.com\/wp-content\/uploads\/2022\/01\/sustainable-sheep-768x768.jpg 768w, https:\/\/www.csrugs.com\/wp-content\/uploads\/2022\/01\/sustainable-sheep-720x720.jpg 720w, https:\/\/www.csrugs.com\/wp-content\/uploads\/2022\/01\/sustainable-sheep-100x100.jpg 100w\" sizes=\"auto, (max-width: 961px) 100vw, 961px\" \/><\/figure>\n<\/figure>\n<\/div>\n<\/div>\n\n\n\n<p><\/p>\n\n\n\n<p><\/p>\n\n\n\n<p class=\"has-large-font-size\"><strong>Circular rugs<\/strong><\/p>\n\n\n\n<p><strong>Zero Waste production<\/strong> &#8211; das ist ein gro\u00dfartiges Bestreben..<\/p>\n\n\n\n<p>Und es ist gelungen! Der \u00fcbrig gebliebene Garn nach Fertigstellung eines Teppichs wird verwendet, um neue &#8218;zirkul\u00e4re&#8216; Teppiche herzustellen. Die Menge an \u00fcbrig gebliebenem Material auf einer Spule bestimmt die Breite der Kreise und das Farbmuster, was jedes Mal ein einzigartiges Design ergibt. Die Idee, Restmaterialien zu nutzen, um neue Produkte herzustellen, passt gut zur Kreislaufwirtschaft, die auf Wiederverwendung und Minimierung von Verschwendung liegt. Durch die Betonung der Wiederverwendung bei CSrugs nutzen wir unsere Ressourcen maximal aus und tragen so zur Nachhaltigkeit bei, was f\u00fcr die Sicherung eines lebenswerten Planeten f\u00fcr zuk\u00fcnftige Generationen unerl\u00e4sslich ist.<\/p>\n\n\n\n<p>Die zirkul\u00e4ren Teppiche werden in verschiedenen Formen hergestellt, entweder rund oder rechteckig mit abgerundeten Ecken. Sie sind sowohl in Schlingenflor als auch in geschnittenem Flor erh\u00e4ltlich.<\/p>\n\n\n\n<figure class=\"wp-block-image size-full\"><img loading=\"lazy\" decoding=\"async\" width=\"640\" height=\"480\" src=\"https:\/\/www.csrugs.com\/wp-content\/uploads\/2024\/03\/beige-2-rotated.jpg\" alt=\"\" class=\"wp-image-4985\" srcset=\"https:\/\/www.csrugs.com\/wp-content\/uploads\/2024\/03\/beige-2-rotated.jpg 640w, https:\/\/www.csrugs.com\/wp-content\/uploads\/2024\/03\/beige-2-300x225.jpg 300w\" sizes=\"auto, (max-width: 640px) 100vw, 640px\" \/><\/figure>\n","protected":false},"excerpt":{"rendered":"<p>Die Fertigung hochwertiger und langlebiger Produkte, welche die Umwelt schonen, geh\u00f6rt zum festen Bestandteil unserer Firmenphilosophie. Als produzierendes Unternehmen sind &hellip;<\/p>\n","protected":false},"author":1,"featured_media":1827,"parent":3017,"menu_order":4,"comment_status":"closed","ping_status":"closed","template":"","meta":{"footnotes":""},"class_list":["post-3029","page","type-page","status-publish","has-post-thumbnail","hentry"],"acf":[],"yoast_head":"<!-- This site is optimized with the Yoast SEO plugin v21.7 - https:\/\/yoast.com\/wordpress\/plugins\/seo\/ -->\n<title>Nachhaltigkeit - CS rugs - Innovative custom made rugs<\/title>\n<meta name=\"robots\" content=\"index, follow, max-snippet:-1, max-image-preview:large, max-video-preview:-1\" \/>\n<link rel=\"canonical\" href=\"https:\/\/www.csrugs.com\/de\/support\/sustainability-contribution\/\" \/>\n<meta property=\"og:locale\" content=\"de_DE\" \/>\n<meta property=\"og:type\" content=\"article\" \/>\n<meta property=\"og:title\" content=\"Nachhaltigkeit - CS rugs - Innovative custom made rugs\" \/>\n<meta property=\"og:description\" content=\"Die Fertigung hochwertiger und langlebiger Produkte, welche die Umwelt schonen, geh\u00f6rt zum festen Bestandteil unserer Firmenphilosophie. Als produzierendes Unternehmen sind &hellip;\" \/>\n<meta property=\"og:url\" content=\"https:\/\/www.csrugs.com\/de\/support\/sustainability-contribution\/\" \/>\n<meta property=\"og:site_name\" content=\"CS rugs\" \/>\n<meta property=\"article:modified_time\" content=\"2025-03-10T14:32:03+00:00\" \/>\n<meta property=\"og:image\" content=\"https:\/\/www.csrugs.com\/wp-content\/uploads\/2022\/01\/sustainable-contribution.jpg\" \/>\n\t<meta property=\"og:image:width\" content=\"1600\" \/>\n\t<meta property=\"og:image:height\" content=\"1148\" \/>\n\t<meta property=\"og:image:type\" content=\"image\/jpeg\" \/>\n<meta name=\"twitter:card\" content=\"summary_large_image\" \/>\n<meta name=\"twitter:label1\" content=\"Gesch\u00e4tzte Lesezeit\" \/>\n\t<meta name=\"twitter:data1\" content=\"2\u00a0Minuten\" \/>\n<script type=\"application\/ld+json\" class=\"yoast-schema-graph\">{\"@context\":\"https:\/\/schema.org\",\"@graph\":[{\"@type\":\"WebPage\",\"@id\":\"https:\/\/www.csrugs.com\/de\/support\/sustainability-contribution\/\",\"url\":\"https:\/\/www.csrugs.com\/de\/support\/sustainability-contribution\/\",\"name\":\"Nachhaltigkeit - CS rugs - Innovative custom made rugs\",\"isPartOf\":{\"@id\":\"https:\/\/www.csrugs.com\/de\/#website\"},\"datePublished\":\"2021-10-06T08:51:46+00:00\",\"dateModified\":\"2025-03-10T14:32:03+00:00\",\"breadcrumb\":{\"@id\":\"https:\/\/www.csrugs.com\/de\/support\/sustainability-contribution\/#breadcrumb\"},\"inLanguage\":\"de\",\"potentialAction\":[{\"@type\":\"ReadAction\",\"target\":[\"https:\/\/www.csrugs.com\/de\/support\/sustainability-contribution\/\"]}]},{\"@type\":\"BreadcrumbList\",\"@id\":\"https:\/\/www.csrugs.com\/de\/support\/sustainability-contribution\/#breadcrumb\",\"itemListElement\":[{\"@type\":\"ListItem\",\"position\":1,\"name\":\"Support\",\"item\":\"https:\/\/www.csrugs.com\/de\/support\/\"},{\"@type\":\"ListItem\",\"position\":2,\"name\":\"Nachhaltigkeit\"}]},{\"@type\":\"WebSite\",\"@id\":\"https:\/\/www.csrugs.com\/de\/#website\",\"url\":\"https:\/\/www.csrugs.com\/de\/\",\"name\":\"CS rugs\",\"description\":\"Innovative custom made rugs\",\"potentialAction\":[{\"@type\":\"SearchAction\",\"target\":{\"@type\":\"EntryPoint\",\"urlTemplate\":\"https:\/\/www.csrugs.com\/de\/?s={search_term_string}\"},\"query-input\":\"required name=search_term_string\"}],\"inLanguage\":\"de\"}]}<\/script>\n<!-- \/ Yoast SEO plugin. -->","yoast_head_json":{"title":"Nachhaltigkeit - CS rugs - Innovative custom made rugs","robots":{"index":"index","follow":"follow","max-snippet":"max-snippet:-1","max-image-preview":"max-image-preview:large","max-video-preview":"max-video-preview:-1"},"canonical":"https:\/\/www.csrugs.com\/de\/support\/sustainability-contribution\/","og_locale":"de_DE","og_type":"article","og_title":"Nachhaltigkeit - CS rugs - Innovative custom made rugs","og_description":"Die Fertigung hochwertiger und langlebiger Produkte, welche die Umwelt schonen, geh\u00f6rt zum festen Bestandteil unserer Firmenphilosophie. Als produzierendes Unternehmen sind &hellip;","og_url":"https:\/\/www.csrugs.com\/de\/support\/sustainability-contribution\/","og_site_name":"CS rugs","article_modified_time":"2025-03-10T14:32:03+00:00","og_image":[{"width":1600,"height":1148,"url":"https:\/\/www.csrugs.com\/wp-content\/uploads\/2022\/01\/sustainable-contribution.jpg","type":"image\/jpeg"}],"twitter_card":"summary_large_image","twitter_misc":{"Gesch\u00e4tzte Lesezeit":"2\u00a0Minuten"},"schema":{"@context":"https:\/\/schema.org","@graph":[{"@type":"WebPage","@id":"https:\/\/www.csrugs.com\/de\/support\/sustainability-contribution\/","url":"https:\/\/www.csrugs.com\/de\/support\/sustainability-contribution\/","name":"Nachhaltigkeit - CS rugs - Innovative custom made rugs","isPartOf":{"@id":"https:\/\/www.csrugs.com\/de\/#website"},"datePublished":"2021-10-06T08:51:46+00:00","dateModified":"2025-03-10T14:32:03+00:00","breadcrumb":{"@id":"https:\/\/www.csrugs.com\/de\/support\/sustainability-contribution\/#breadcrumb"},"inLanguage":"de","potentialAction":[{"@type":"ReadAction","target":["https:\/\/www.csrugs.com\/de\/support\/sustainability-contribution\/"]}]},{"@type":"BreadcrumbList","@id":"https:\/\/www.csrugs.com\/de\/support\/sustainability-contribution\/#breadcrumb","itemListElement":[{"@type":"ListItem","position":1,"name":"Support","item":"https:\/\/www.csrugs.com\/de\/support\/"},{"@type":"ListItem","position":2,"name":"Nachhaltigkeit"}]},{"@type":"WebSite","@id":"https:\/\/www.csrugs.com\/de\/#website","url":"https:\/\/www.csrugs.com\/de\/","name":"CS rugs","description":"Innovative custom made rugs","potentialAction":[{"@type":"SearchAction","target":{"@type":"EntryPoint","urlTemplate":"https:\/\/www.csrugs.com\/de\/?s={search_term_string}"},"query-input":"required name=search_term_string"}],"inLanguage":"de"}]}},"_links":{"self":[{"href":"https:\/\/www.csrugs.com\/de\/wp-json\/wp\/v2\/pages\/3029","targetHints":{"allow":["GET"]}}],"collection":[{"href":"https:\/\/www.csrugs.com\/de\/wp-json\/wp\/v2\/pages"}],"about":[{"href":"https:\/\/www.csrugs.com\/de\/wp-json\/wp\/v2\/types\/page"}],"author":[{"embeddable":true,"href":"https:\/\/www.csrugs.com\/de\/wp-json\/wp\/v2\/users\/1"}],"replies":[{"embeddable":true,"href":"https:\/\/www.csrugs.com\/de\/wp-json\/wp\/v2\/comments?post=3029"}],"version-history":[{"count":3,"href":"https:\/\/www.csrugs.com\/de\/wp-json\/wp\/v2\/pages\/3029\/revisions"}],"predecessor-version":[{"id":5597,"href":"https:\/\/www.csrugs.com\/de\/wp-json\/wp\/v2\/pages\/3029\/revisions\/5597"}],"up":[{"embeddable":true,"href":"https:\/\/www.csrugs.com\/de\/wp-json\/wp\/v2\/pages\/3017"}],"wp:featuredmedia":[{"embeddable":true,"href":"https:\/\/www.csrugs.com\/de\/wp-json\/wp\/v2\/media\/1827"}],"wp:attachment":[{"href":"https:\/\/www.csrugs.com\/de\/wp-json\/wp\/v2\/media?parent=3029"}],"curies":[{"name":"wp","href":"https:\/\/api.w.org\/{rel}","templated":true}]}}