        {"id":3032,"date":"2021-10-06T10:50:10","date_gmt":"2021-10-06T08:50:10","guid":{"rendered":"https:\/\/www.csrugs.com\/support\/maintenance\/"},"modified":"2025-01-10T11:20:20","modified_gmt":"2025-01-10T10:20:20","slug":"wartung","status":"publish","type":"page","link":"https:\/\/www.csrugs.com\/de\/support\/wartung\/","title":{"rendered":"Maintenance"},"content":{"rendered":"\n<div class=\"wp-block-columns is-layout-flex wp-container-core-columns-is-layout-9d6595d7 wp-block-columns-is-layout-flex\">\n<div class=\"wp-block-column is-layout-flow wp-block-column-is-layout-flow\">\n<h2 class=\"wp-block-heading\" id=\"with-the-right-maintenance-and-care-you-can-extend-the-life-of-your-rug\">Mit der richtigen Pflege verl\u00e4ngern Sie die Lebensdauer Ihres Teppichs. Lesen Sie hier, wie Sie Flecken am besten behandeln k\u00f6nnen<\/h2>\n\n\n\n<p>Tipps &amp; Tricks f\u00fcr h\u00e4ufige Probleme<\/p>\n\n\n\n<p>Teppiche ben\u00f6tigen regelm\u00e4\u00dfige Pflege, um in perfektem Zustand zu bleiben. Es wird empfohlen, den Teppich mindestens zweimal pro Woche mit dem Staubsauger zu reinigen. Aber auch wenn Sie Ihren Teppich sorgf\u00e4ltig pflegen, gibt es einige h\u00e4ufige Probleme, auf die Sie sto\u00dfen oder die Sie vermeiden m\u00f6chten<\/p>\n\n\n\n<p>Tipp 1<\/p>\n\n\n\n<p>Damit m\u00f6glichst wenig Lauf- und Sitzspuren beim Teppich entstehen, empfehlen wir Ihnen &#8211; sofern das Teppichformat dies zul\u00e4sst &#8211; den Teppich von Zeit zu Zeit zu drehen,.<\/p>\n\n\n\n<p>Tipp 2<\/p>\n\n\n\n<p>Setzen Sie eine guten Fu\u00dfabtreter im Eingangsbereich ein, denn dieser nimmt bereits den meisten Stra\u00dfenschmutz von Ihren Schuhen auf.<\/p>\n\n\n\n<p>Tipp 3<\/p>\n\n\n\n<p>Verwenden Sie bitte immer eine auf Ma\u00df geschnittene Unterlage, Sie ist der beste Schutz f\u00fcr Ihren Boden.<\/p>\n\n\n\n<p>Tipp 4<\/p>\n\n\n\n<p>Im Falle eines Flecks sollten Sie schnell handeln. Entfernen Sie feste Stoffe vorsichtig mit einem L\u00f6ffel. Tupfen Sie Fl\u00fcssigkeiten mit einem sauberen, feuchten Tuch ab. Bedecken Sie die betroffene Stelle mit einem feuchten wei\u00dfen Frotteetuch und lassen sie es darauf liegen, bis das Tuch trocken ist.&nbsp; Verwenden Sie keine Seife etc. und reiben Sie nicht.<\/p>\n\n\n\n<p><\/p>\n\n\n\n<p><\/p>\n<\/div>\n\n\n\n<div class=\"wp-block-column is-layout-flow wp-block-column-is-layout-flow\">\n<figure class=\"wp-block-image size-full\"><img loading=\"lazy\" decoding=\"async\" width=\"818\" height=\"681\" src=\"https:\/\/www.csrugs.com\/wp-content\/uploads\/2022\/05\/Merino.jpg\" alt=\"\" class=\"wp-image-2380\" srcset=\"https:\/\/www.csrugs.com\/wp-content\/uploads\/2022\/05\/Merino.jpg 818w, https:\/\/www.csrugs.com\/wp-content\/uploads\/2022\/05\/Merino-300x250.jpg 300w, https:\/\/www.csrugs.com\/wp-content\/uploads\/2022\/05\/Merino-768x639.jpg 768w\" sizes=\"auto, (max-width: 818px) 100vw, 818px\" \/><\/figure>\n<\/div>\n<\/div>\n\n\n\n<div class=\"wp-block-buttons is-layout-flex wp-block-buttons-is-layout-flex\">\n<div class=\"wp-block-button\"><a class=\"wp-block-button__link wp-element-button\" href=\"https:\/\/www.csrugs.com\/de\/warranty-maintenance\/\" target=\"_blank\" rel=\"noreferrer noopener\">Get your warranty and maintenance advice<\/a><\/div>\n<\/div>\n\n\n\n<p><\/p>\n","protected":false},"excerpt":{"rendered":"<p>Mit der richtigen Pflege verl\u00e4ngern Sie die Lebensdauer Ihres Teppichs. Lesen Sie hier, wie Sie Flecken am besten behandeln k\u00f6nnen &hellip;<\/p>\n","protected":false},"author":1,"featured_media":2040,"parent":3017,"menu_order":1,"comment_status":"closed","ping_status":"closed","template":"","meta":{"footnotes":""},"class_list":["post-3032","page","type-page","status-publish","has-post-thumbnail","hentry"],"acf":[],"yoast_head":"<!-- This site is optimized with the Yoast SEO plugin v21.7 - https:\/\/yoast.com\/wordpress\/plugins\/seo\/ -->\n<title>Maintenance - CS rugs - Innovative custom made rugs<\/title>\n<meta name=\"robots\" content=\"index, follow, max-snippet:-1, max-image-preview:large, max-video-preview:-1\" \/>\n<link rel=\"canonical\" href=\"https:\/\/www.csrugs.com\/de\/support\/wartung\/\" \/>\n<meta property=\"og:locale\" content=\"de_DE\" \/>\n<meta property=\"og:type\" content=\"article\" \/>\n<meta property=\"og:title\" content=\"Maintenance - CS rugs - Innovative custom made rugs\" \/>\n<meta property=\"og:description\" content=\"Mit der richtigen Pflege verl\u00e4ngern Sie die Lebensdauer Ihres Teppichs. Lesen Sie hier, wie Sie Flecken am besten behandeln k\u00f6nnen &hellip;\" \/>\n<meta property=\"og:url\" content=\"https:\/\/www.csrugs.com\/de\/support\/wartung\/\" \/>\n<meta property=\"og:site_name\" content=\"CS rugs\" \/>\n<meta property=\"article:modified_time\" content=\"2025-01-10T10:20:20+00:00\" \/>\n<meta property=\"og:image\" content=\"https:\/\/www.csrugs.com\/wp-content\/uploads\/2022\/02\/maintenance.jpg\" \/>\n\t<meta property=\"og:image:width\" content=\"1600\" \/>\n\t<meta property=\"og:image:height\" content=\"1067\" \/>\n\t<meta property=\"og:image:type\" content=\"image\/jpeg\" \/>\n<meta name=\"twitter:card\" content=\"summary_large_image\" \/>\n<meta name=\"twitter:label1\" content=\"Gesch\u00e4tzte Lesezeit\" \/>\n\t<meta name=\"twitter:data1\" content=\"2\u00a0Minuten\" \/>\n<script type=\"application\/ld+json\" class=\"yoast-schema-graph\">{\"@context\":\"https:\/\/schema.org\",\"@graph\":[{\"@type\":\"WebPage\",\"@id\":\"https:\/\/www.csrugs.com\/de\/support\/wartung\/\",\"url\":\"https:\/\/www.csrugs.com\/de\/support\/wartung\/\",\"name\":\"Maintenance - CS rugs - Innovative custom made rugs\",\"isPartOf\":{\"@id\":\"https:\/\/www.csrugs.com\/de\/#website\"},\"datePublished\":\"2021-10-06T08:50:10+00:00\",\"dateModified\":\"2025-01-10T10:20:20+00:00\",\"breadcrumb\":{\"@id\":\"https:\/\/www.csrugs.com\/de\/support\/wartung\/#breadcrumb\"},\"inLanguage\":\"de\",\"potentialAction\":[{\"@type\":\"ReadAction\",\"target\":[\"https:\/\/www.csrugs.com\/de\/support\/wartung\/\"]}]},{\"@type\":\"BreadcrumbList\",\"@id\":\"https:\/\/www.csrugs.com\/de\/support\/wartung\/#breadcrumb\",\"itemListElement\":[{\"@type\":\"ListItem\",\"position\":1,\"name\":\"Support\",\"item\":\"https:\/\/www.csrugs.com\/de\/support\/\"},{\"@type\":\"ListItem\",\"position\":2,\"name\":\"Maintenance\"}]},{\"@type\":\"WebSite\",\"@id\":\"https:\/\/www.csrugs.com\/de\/#website\",\"url\":\"https:\/\/www.csrugs.com\/de\/\",\"name\":\"CS rugs\",\"description\":\"Innovative custom made rugs\",\"potentialAction\":[{\"@type\":\"SearchAction\",\"target\":{\"@type\":\"EntryPoint\",\"urlTemplate\":\"https:\/\/www.csrugs.com\/de\/?s={search_term_string}\"},\"query-input\":\"required name=search_term_string\"}],\"inLanguage\":\"de\"}]}<\/script>\n<!-- \/ Yoast SEO plugin. -->","yoast_head_json":{"title":"Maintenance - CS rugs - Innovative custom made rugs","robots":{"index":"index","follow":"follow","max-snippet":"max-snippet:-1","max-image-preview":"max-image-preview:large","max-video-preview":"max-video-preview:-1"},"canonical":"https:\/\/www.csrugs.com\/de\/support\/wartung\/","og_locale":"de_DE","og_type":"article","og_title":"Maintenance - CS rugs - Innovative custom made rugs","og_description":"Mit der richtigen Pflege verl\u00e4ngern Sie die Lebensdauer Ihres Teppichs. Lesen Sie hier, wie Sie Flecken am besten behandeln k\u00f6nnen &hellip;","og_url":"https:\/\/www.csrugs.com\/de\/support\/wartung\/","og_site_name":"CS rugs","article_modified_time":"2025-01-10T10:20:20+00:00","og_image":[{"width":1600,"height":1067,"url":"https:\/\/www.csrugs.com\/wp-content\/uploads\/2022\/02\/maintenance.jpg","type":"image\/jpeg"}],"twitter_card":"summary_large_image","twitter_misc":{"Gesch\u00e4tzte Lesezeit":"2\u00a0Minuten"},"schema":{"@context":"https:\/\/schema.org","@graph":[{"@type":"WebPage","@id":"https:\/\/www.csrugs.com\/de\/support\/wartung\/","url":"https:\/\/www.csrugs.com\/de\/support\/wartung\/","name":"Maintenance - CS rugs - Innovative custom made rugs","isPartOf":{"@id":"https:\/\/www.csrugs.com\/de\/#website"},"datePublished":"2021-10-06T08:50:10+00:00","dateModified":"2025-01-10T10:20:20+00:00","breadcrumb":{"@id":"https:\/\/www.csrugs.com\/de\/support\/wartung\/#breadcrumb"},"inLanguage":"de","potentialAction":[{"@type":"ReadAction","target":["https:\/\/www.csrugs.com\/de\/support\/wartung\/"]}]},{"@type":"BreadcrumbList","@id":"https:\/\/www.csrugs.com\/de\/support\/wartung\/#breadcrumb","itemListElement":[{"@type":"ListItem","position":1,"name":"Support","item":"https:\/\/www.csrugs.com\/de\/support\/"},{"@type":"ListItem","position":2,"name":"Maintenance"}]},{"@type":"WebSite","@id":"https:\/\/www.csrugs.com\/de\/#website","url":"https:\/\/www.csrugs.com\/de\/","name":"CS rugs","description":"Innovative custom made rugs","potentialAction":[{"@type":"SearchAction","target":{"@type":"EntryPoint","urlTemplate":"https:\/\/www.csrugs.com\/de\/?s={search_term_string}"},"query-input":"required name=search_term_string"}],"inLanguage":"de"}]}},"_links":{"self":[{"href":"https:\/\/www.csrugs.com\/de\/wp-json\/wp\/v2\/pages\/3032","targetHints":{"allow":["GET"]}}],"collection":[{"href":"https:\/\/www.csrugs.com\/de\/wp-json\/wp\/v2\/pages"}],"about":[{"href":"https:\/\/www.csrugs.com\/de\/wp-json\/wp\/v2\/types\/page"}],"author":[{"embeddable":true,"href":"https:\/\/www.csrugs.com\/de\/wp-json\/wp\/v2\/users\/1"}],"replies":[{"embeddable":true,"href":"https:\/\/www.csrugs.com\/de\/wp-json\/wp\/v2\/comments?post=3032"}],"version-history":[{"count":4,"href":"https:\/\/www.csrugs.com\/de\/wp-json\/wp\/v2\/pages\/3032\/revisions"}],"predecessor-version":[{"id":5424,"href":"https:\/\/www.csrugs.com\/de\/wp-json\/wp\/v2\/pages\/3032\/revisions\/5424"}],"up":[{"embeddable":true,"href":"https:\/\/www.csrugs.com\/de\/wp-json\/wp\/v2\/pages\/3017"}],"wp:featuredmedia":[{"embeddable":true,"href":"https:\/\/www.csrugs.com\/de\/wp-json\/wp\/v2\/media\/2040"}],"wp:attachment":[{"href":"https:\/\/www.csrugs.com\/de\/wp-json\/wp\/v2\/media?parent=3032"}],"curies":[{"name":"wp","href":"https:\/\/api.w.org\/{rel}","templated":true}]}}