        {"id":3075,"date":"2022-01-20T14:05:50","date_gmt":"2022-01-20T13:05:50","guid":{"rendered":"https:\/\/www.csrugs.com\/designer-shop\/freedom\/"},"modified":"2022-08-17T15:20:36","modified_gmt":"2022-08-17T13:20:36","slug":"freedom","status":"publish","type":"page","link":"https:\/\/www.csrugs.com\/de\/cs-shop\/freedom\/","title":{"rendered":"FREEDOM"},"content":{"rendered":"\n<h2 class=\"wp-block-heading\">Anl\u00e4sslichdes Salone del Mobile 2019 in Mailand pr\u00e4sentierte CS rugs eine anspruchsvolle Kollektion von Designerteppichen. <\/h2>\n\n\n\n<p>Unter der Art Direction von Richard Hutten hat eine handverlesene Gruppe des Dutch Designs die &#8218;Freedom-Collection&#8216; in aufwendige Designs entworfen.<\/p>\n\n\n\n<p>Zur Gruppe geh\u00f6ren nicht allein Produktdesigner, sondern auch Architekten, Grafikdesigner und K\u00fcnstler: Irma Boom, Joep van Lieshout, Sabine Marcelis, Studio Makkink &amp; Bey (Rianne Makkink, Jurgen Bey), Christien Meindertsma, Jolan van der Wiel , MVRDV-Architekten (Winy Maas, Jacob van Rijs, Nathalie de Vries), Richard Hutten und Wim Bos.<\/p>\n\n\n\n<div style=\"height:100px\" aria-hidden=\"true\" class=\"wp-block-spacer\"><\/div>\n\n\n<div class=\"wp-block-image\">\n<figure class=\"aligncenter size-full\"><img loading=\"lazy\" decoding=\"async\" width=\"1920\" height=\"1280\" src=\"https:\/\/csrugs.com.s927.whserver.nl\/wp-content\/uploads\/2021\/10\/designers-collection.jpg\" alt=\"\" class=\"wp-image-387\" srcset=\"https:\/\/www.csrugs.com\/wp-content\/uploads\/2021\/10\/designers-collection.jpg 1920w, https:\/\/www.csrugs.com\/wp-content\/uploads\/2021\/10\/designers-collection-300x200.jpg 300w, https:\/\/www.csrugs.com\/wp-content\/uploads\/2021\/10\/designers-collection-1024x683.jpg 1024w, https:\/\/www.csrugs.com\/wp-content\/uploads\/2021\/10\/designers-collection-768x512.jpg 768w, https:\/\/www.csrugs.com\/wp-content\/uploads\/2021\/10\/designers-collection-1536x1024.jpg 1536w\" sizes=\"auto, (max-width: 1920px) 100vw, 1920px\" \/><\/figure>\n<\/div>\n\n\n<div style=\"height:100px\" aria-hidden=\"true\" class=\"wp-block-spacer\"><\/div>\n\n\n\n<h2 class=\"wp-block-heading\">Die FREEDOM-Collection gibt einen Einblick in die technischen und handwerklichen M\u00f6glichkeiten von CS rugs. Die Designer konnten aus dem Vollen sch\u00f6pfen.<\/h2>\n\n\n\n<p>Richard Hutten erkl\u00e4rt: \u201eDas Briefing an die Designer war so einfach wie komplex: Entwerfen Sie einen Teppich innerhalb der Grenzen der Produktion, versuchen Sie aber gleichzeitig, die unendlichen M\u00f6glichkeiten auszuloten.<\/p>\n\n\n\n<p>Ziel war es, eine Kollektion zu kreieren, die das pers\u00f6nliche Interesse und die Faszination des Designers zeigt. In einer Zeit, in der Mauern gebaut werden und Menschen rund um den Globus f\u00fcr ihre Meinung im Gef\u00e4ngnis landen, ist es wichtig, den Designern eine freie Plattform f\u00fcr ihre Ideen zu bieten.<\/p>\n\n\n\n<div style=\"height:100px\" aria-hidden=\"true\" class=\"wp-block-spacer\"><\/div>\n","protected":false},"excerpt":{"rendered":"<p>Anl\u00e4sslichdes Salone del Mobile 2019 in Mailand pr\u00e4sentierte CS rugs eine anspruchsvolle Kollektion von Designerteppichen. Unter der Art Direction von &hellip;<\/p>\n","protected":false},"author":1,"featured_media":0,"parent":33,"menu_order":0,"comment_status":"closed","ping_status":"closed","template":"","meta":{"footnotes":""},"class_list":["post-3075","page","type-page","status-publish","hentry"],"acf":[],"yoast_head":"<!-- This site is optimized with the Yoast SEO plugin v21.7 - https:\/\/yoast.com\/wordpress\/plugins\/seo\/ -->\n<title>FREEDOM - CS rugs - Innovative custom made rugs<\/title>\n<meta name=\"robots\" content=\"index, follow, max-snippet:-1, max-image-preview:large, max-video-preview:-1\" \/>\n<link rel=\"canonical\" href=\"https:\/\/www.csrugs.com\/de\/cs-shop\/freedom\/\" \/>\n<meta property=\"og:locale\" content=\"de_DE\" \/>\n<meta property=\"og:type\" content=\"article\" \/>\n<meta property=\"og:title\" content=\"FREEDOM - CS rugs - Innovative custom made rugs\" \/>\n<meta property=\"og:description\" content=\"Anl\u00e4sslichdes Salone del Mobile 2019 in Mailand pr\u00e4sentierte CS rugs eine anspruchsvolle Kollektion von Designerteppichen. Unter der Art Direction von &hellip;\" \/>\n<meta property=\"og:url\" content=\"https:\/\/www.csrugs.com\/de\/cs-shop\/freedom\/\" \/>\n<meta property=\"og:site_name\" content=\"CS rugs\" \/>\n<meta property=\"article:modified_time\" content=\"2022-08-17T13:20:36+00:00\" \/>\n<meta property=\"og:image\" content=\"https:\/\/csrugs.com.s927.whserver.nl\/wp-content\/uploads\/2021\/10\/designers-collection.jpg\" \/>\n<meta name=\"twitter:card\" content=\"summary_large_image\" \/>\n<meta name=\"twitter:label1\" content=\"Gesch\u00e4tzte Lesezeit\" \/>\n\t<meta name=\"twitter:data1\" content=\"2\u00a0Minuten\" \/>\n<script type=\"application\/ld+json\" class=\"yoast-schema-graph\">{\"@context\":\"https:\/\/schema.org\",\"@graph\":[{\"@type\":\"WebPage\",\"@id\":\"https:\/\/www.csrugs.com\/de\/cs-shop\/freedom\/\",\"url\":\"https:\/\/www.csrugs.com\/de\/cs-shop\/freedom\/\",\"name\":\"FREEDOM - CS rugs - Innovative custom made rugs\",\"isPartOf\":{\"@id\":\"https:\/\/www.csrugs.com\/de\/#website\"},\"datePublished\":\"2022-01-20T13:05:50+00:00\",\"dateModified\":\"2022-08-17T13:20:36+00:00\",\"breadcrumb\":{\"@id\":\"https:\/\/www.csrugs.com\/de\/cs-shop\/freedom\/#breadcrumb\"},\"inLanguage\":\"de\",\"potentialAction\":[{\"@type\":\"ReadAction\",\"target\":[\"https:\/\/www.csrugs.com\/de\/cs-shop\/freedom\/\"]}]},{\"@type\":\"BreadcrumbList\",\"@id\":\"https:\/\/www.csrugs.com\/de\/cs-shop\/freedom\/#breadcrumb\",\"itemListElement\":[{\"@type\":\"ListItem\",\"position\":1,\"name\":\"Designer rugs\",\"item\":\"https:\/\/www.csrugs.com\/de\/cs-shop\/\"},{\"@type\":\"ListItem\",\"position\":2,\"name\":\"FREEDOM\"}]},{\"@type\":\"WebSite\",\"@id\":\"https:\/\/www.csrugs.com\/de\/#website\",\"url\":\"https:\/\/www.csrugs.com\/de\/\",\"name\":\"CS rugs\",\"description\":\"Innovative custom made rugs\",\"potentialAction\":[{\"@type\":\"SearchAction\",\"target\":{\"@type\":\"EntryPoint\",\"urlTemplate\":\"https:\/\/www.csrugs.com\/de\/?s={search_term_string}\"},\"query-input\":\"required name=search_term_string\"}],\"inLanguage\":\"de\"}]}<\/script>\n<!-- \/ Yoast SEO plugin. -->","yoast_head_json":{"title":"FREEDOM - CS rugs - Innovative custom made rugs","robots":{"index":"index","follow":"follow","max-snippet":"max-snippet:-1","max-image-preview":"max-image-preview:large","max-video-preview":"max-video-preview:-1"},"canonical":"https:\/\/www.csrugs.com\/de\/cs-shop\/freedom\/","og_locale":"de_DE","og_type":"article","og_title":"FREEDOM - CS rugs - Innovative custom made rugs","og_description":"Anl\u00e4sslichdes Salone del Mobile 2019 in Mailand pr\u00e4sentierte CS rugs eine anspruchsvolle Kollektion von Designerteppichen. Unter der Art Direction von &hellip;","og_url":"https:\/\/www.csrugs.com\/de\/cs-shop\/freedom\/","og_site_name":"CS rugs","article_modified_time":"2022-08-17T13:20:36+00:00","og_image":[{"url":"https:\/\/csrugs.com.s927.whserver.nl\/wp-content\/uploads\/2021\/10\/designers-collection.jpg"}],"twitter_card":"summary_large_image","twitter_misc":{"Gesch\u00e4tzte Lesezeit":"2\u00a0Minuten"},"schema":{"@context":"https:\/\/schema.org","@graph":[{"@type":"WebPage","@id":"https:\/\/www.csrugs.com\/de\/cs-shop\/freedom\/","url":"https:\/\/www.csrugs.com\/de\/cs-shop\/freedom\/","name":"FREEDOM - CS rugs - Innovative custom made rugs","isPartOf":{"@id":"https:\/\/www.csrugs.com\/de\/#website"},"datePublished":"2022-01-20T13:05:50+00:00","dateModified":"2022-08-17T13:20:36+00:00","breadcrumb":{"@id":"https:\/\/www.csrugs.com\/de\/cs-shop\/freedom\/#breadcrumb"},"inLanguage":"de","potentialAction":[{"@type":"ReadAction","target":["https:\/\/www.csrugs.com\/de\/cs-shop\/freedom\/"]}]},{"@type":"BreadcrumbList","@id":"https:\/\/www.csrugs.com\/de\/cs-shop\/freedom\/#breadcrumb","itemListElement":[{"@type":"ListItem","position":1,"name":"Designer rugs","item":"https:\/\/www.csrugs.com\/de\/cs-shop\/"},{"@type":"ListItem","position":2,"name":"FREEDOM"}]},{"@type":"WebSite","@id":"https:\/\/www.csrugs.com\/de\/#website","url":"https:\/\/www.csrugs.com\/de\/","name":"CS rugs","description":"Innovative custom made rugs","potentialAction":[{"@type":"SearchAction","target":{"@type":"EntryPoint","urlTemplate":"https:\/\/www.csrugs.com\/de\/?s={search_term_string}"},"query-input":"required name=search_term_string"}],"inLanguage":"de"}]}},"_links":{"self":[{"href":"https:\/\/www.csrugs.com\/de\/wp-json\/wp\/v2\/pages\/3075","targetHints":{"allow":["GET"]}}],"collection":[{"href":"https:\/\/www.csrugs.com\/de\/wp-json\/wp\/v2\/pages"}],"about":[{"href":"https:\/\/www.csrugs.com\/de\/wp-json\/wp\/v2\/types\/page"}],"author":[{"embeddable":true,"href":"https:\/\/www.csrugs.com\/de\/wp-json\/wp\/v2\/users\/1"}],"replies":[{"embeddable":true,"href":"https:\/\/www.csrugs.com\/de\/wp-json\/wp\/v2\/comments?post=3075"}],"version-history":[{"count":1,"href":"https:\/\/www.csrugs.com\/de\/wp-json\/wp\/v2\/pages\/3075\/revisions"}],"predecessor-version":[{"id":3077,"href":"https:\/\/www.csrugs.com\/de\/wp-json\/wp\/v2\/pages\/3075\/revisions\/3077"}],"up":[{"embeddable":true,"href":"https:\/\/www.csrugs.com\/de\/wp-json\/wp\/v2\/pages\/33"}],"wp:attachment":[{"href":"https:\/\/www.csrugs.com\/de\/wp-json\/wp\/v2\/media?parent=3075"}],"curies":[{"name":"wp","href":"https:\/\/api.w.org\/{rel}","templated":true}]}}