        {"id":3270,"date":"2021-09-14T15:05:20","date_gmt":"2021-09-14T13:05:20","guid":{"rendered":"https:\/\/www.csrugs.com\/about\/"},"modified":"2023-04-11T11:30:27","modified_gmt":"2023-04-11T09:30:27","slug":"uber-csrugs","status":"publish","type":"page","link":"https:\/\/www.csrugs.com\/de\/uber-csrugs\/","title":{"rendered":"\u00dcber CS rugs"},"content":{"rendered":"\n<div class=\"wp-block-columns is-layout-flex wp-container-core-columns-is-layout-9d6595d7 wp-block-columns-is-layout-flex\">\n<div class=\"wp-block-column is-layout-flow wp-block-column-is-layout-flow\" style=\"flex-basis:66.66%\">\n<h2 class=\"wp-block-heading\" id=\"we-are-a-dedicated-and-innovative-manufacturer-of-custom-made-rugs\">Wir sind ein passionierter und innovativer Hersteller individuell getufteter Ma\u00dfteppiche<\/h2>\n<\/div>\n\n\n\n<div class=\"wp-block-column is-layout-flow wp-block-column-is-layout-flow\" style=\"flex-basis:33.33%\"><\/div>\n<\/div>\n\n\n\n<div class=\"wp-block-columns is-layout-flex wp-container-core-columns-is-layout-9d6595d7 wp-block-columns-is-layout-flex\">\n<div class=\"wp-block-column is-layout-flow wp-block-column-is-layout-flow\">\n<p>Die beseelte Liebe zum Textilfach, ein kreatives Entwicklungsteam sowie hohe Qualit\u00e4ts- und Servicestandards machen CS rugs zu dem Unternehmen, welches es heute ist: ein engagierter und innovativer Hersteller von luxeri\u00f6sen \u2018custom made\u2019 Teppichen.<\/p>\n\n\n\n<p>Seit 1979 ist CS rugs auf die Herstellung luxuri\u00f6ser Teppiche in verschiedenen Florh\u00f6hen, Material- und Farbkombinationen spezialisiert.<\/p>\n<\/div>\n\n\n\n<div class=\"wp-block-column is-layout-flow wp-block-column-is-layout-flow\">\n<p>Die CS rugs Kollektion ist eine echte Bereicherung f\u00fcr den Wohnbereich, f\u00fcr B\u00fcros, Gesch\u00e4ftsr\u00e4ume und andere Objekte. F\u00fcr jeden Bereich bietet unsere ma\u00dfgeschneiderte Kollektion kreative L\u00f6sungen. Die Umsetzung individueller Kundenw\u00fcnsche wird vom Experten-Team des CSrugs Studios kompetent begleitet. So entstehen mit viel Einf\u00fchlungsverm\u00f6gen Ma\u00dfteppiche, die perfekt zum Interieur passen.<\/p>\n\n\n\n<p><\/p>\n<\/div>\n<\/div>\n","protected":false},"excerpt":{"rendered":"<p>Wir sind ein passionierter und innovativer Hersteller individuell getufteter Ma\u00dfteppiche Die beseelte Liebe zum Textilfach, ein kreatives Entwicklungsteam sowie hohe &hellip;<\/p>\n","protected":false},"author":1,"featured_media":0,"parent":0,"menu_order":0,"comment_status":"closed","ping_status":"closed","template":"tl-about.php","meta":{"footnotes":""},"class_list":["post-3270","page","type-page","status-publish","hentry"],"acf":[],"yoast_head":"<!-- This site is optimized with the Yoast SEO plugin v21.7 - https:\/\/yoast.com\/wordpress\/plugins\/seo\/ -->\n<title>\u00dcber CS rugs - CS rugs - Innovative custom made rugs<\/title>\n<meta name=\"description\" content=\"CSrugs is a dedicated and innovative manufacturer of \u2018custom made\u2019 rugs. You can choose your own structure, colour, pile lenght and size.\" \/>\n<meta name=\"robots\" content=\"index, follow, max-snippet:-1, max-image-preview:large, max-video-preview:-1\" \/>\n<link rel=\"canonical\" href=\"https:\/\/www.csrugs.com\/de\/uber-csrugs\/\" \/>\n<meta property=\"og:locale\" content=\"de_DE\" \/>\n<meta property=\"og:type\" content=\"article\" \/>\n<meta property=\"og:title\" content=\"\u00dcber CS rugs - CS rugs - Innovative custom made rugs\" \/>\n<meta property=\"og:description\" content=\"CSrugs is a dedicated and innovative manufacturer of \u2018custom made\u2019 rugs. You can choose your own structure, colour, pile lenght and size.\" \/>\n<meta property=\"og:url\" content=\"https:\/\/www.csrugs.com\/de\/uber-csrugs\/\" \/>\n<meta property=\"og:site_name\" content=\"CS rugs\" \/>\n<meta property=\"article:modified_time\" content=\"2023-04-11T09:30:27+00:00\" \/>\n<meta name=\"twitter:card\" content=\"summary_large_image\" \/>\n<meta name=\"twitter:label1\" content=\"Gesch\u00e4tzte Lesezeit\" \/>\n\t<meta name=\"twitter:data1\" content=\"1\u00a0Minute\" \/>\n<script type=\"application\/ld+json\" class=\"yoast-schema-graph\">{\"@context\":\"https:\/\/schema.org\",\"@graph\":[{\"@type\":\"WebPage\",\"@id\":\"https:\/\/www.csrugs.com\/de\/uber-csrugs\/\",\"url\":\"https:\/\/www.csrugs.com\/de\/uber-csrugs\/\",\"name\":\"\u00dcber CS rugs - CS rugs - Innovative custom made rugs\",\"isPartOf\":{\"@id\":\"https:\/\/www.csrugs.com\/de\/#website\"},\"datePublished\":\"2021-09-14T13:05:20+00:00\",\"dateModified\":\"2023-04-11T09:30:27+00:00\",\"description\":\"CSrugs is a dedicated and innovative manufacturer of \u2018custom made\u2019 rugs. You can choose your own structure, colour, pile lenght and size.\",\"inLanguage\":\"de\",\"potentialAction\":[{\"@type\":\"ReadAction\",\"target\":[\"https:\/\/www.csrugs.com\/de\/uber-csrugs\/\"]}]},{\"@type\":\"WebSite\",\"@id\":\"https:\/\/www.csrugs.com\/de\/#website\",\"url\":\"https:\/\/www.csrugs.com\/de\/\",\"name\":\"CS rugs\",\"description\":\"Innovative custom made rugs\",\"potentialAction\":[{\"@type\":\"SearchAction\",\"target\":{\"@type\":\"EntryPoint\",\"urlTemplate\":\"https:\/\/www.csrugs.com\/de\/?s={search_term_string}\"},\"query-input\":\"required name=search_term_string\"}],\"inLanguage\":\"de\"}]}<\/script>\n<!-- \/ Yoast SEO plugin. -->","yoast_head_json":{"title":"\u00dcber CS rugs - CS rugs - Innovative custom made rugs","description":"CSrugs is a dedicated and innovative manufacturer of \u2018custom made\u2019 rugs. You can choose your own structure, colour, pile lenght and size.","robots":{"index":"index","follow":"follow","max-snippet":"max-snippet:-1","max-image-preview":"max-image-preview:large","max-video-preview":"max-video-preview:-1"},"canonical":"https:\/\/www.csrugs.com\/de\/uber-csrugs\/","og_locale":"de_DE","og_type":"article","og_title":"\u00dcber CS rugs - CS rugs - Innovative custom made rugs","og_description":"CSrugs is a dedicated and innovative manufacturer of \u2018custom made\u2019 rugs. You can choose your own structure, colour, pile lenght and size.","og_url":"https:\/\/www.csrugs.com\/de\/uber-csrugs\/","og_site_name":"CS rugs","article_modified_time":"2023-04-11T09:30:27+00:00","twitter_card":"summary_large_image","twitter_misc":{"Gesch\u00e4tzte Lesezeit":"1\u00a0Minute"},"schema":{"@context":"https:\/\/schema.org","@graph":[{"@type":"WebPage","@id":"https:\/\/www.csrugs.com\/de\/uber-csrugs\/","url":"https:\/\/www.csrugs.com\/de\/uber-csrugs\/","name":"\u00dcber CS rugs - CS rugs - Innovative custom made rugs","isPartOf":{"@id":"https:\/\/www.csrugs.com\/de\/#website"},"datePublished":"2021-09-14T13:05:20+00:00","dateModified":"2023-04-11T09:30:27+00:00","description":"CSrugs is a dedicated and innovative manufacturer of \u2018custom made\u2019 rugs. You can choose your own structure, colour, pile lenght and size.","inLanguage":"de","potentialAction":[{"@type":"ReadAction","target":["https:\/\/www.csrugs.com\/de\/uber-csrugs\/"]}]},{"@type":"WebSite","@id":"https:\/\/www.csrugs.com\/de\/#website","url":"https:\/\/www.csrugs.com\/de\/","name":"CS rugs","description":"Innovative custom made rugs","potentialAction":[{"@type":"SearchAction","target":{"@type":"EntryPoint","urlTemplate":"https:\/\/www.csrugs.com\/de\/?s={search_term_string}"},"query-input":"required name=search_term_string"}],"inLanguage":"de"}]}},"_links":{"self":[{"href":"https:\/\/www.csrugs.com\/de\/wp-json\/wp\/v2\/pages\/3270","targetHints":{"allow":["GET"]}}],"collection":[{"href":"https:\/\/www.csrugs.com\/de\/wp-json\/wp\/v2\/pages"}],"about":[{"href":"https:\/\/www.csrugs.com\/de\/wp-json\/wp\/v2\/types\/page"}],"author":[{"embeddable":true,"href":"https:\/\/www.csrugs.com\/de\/wp-json\/wp\/v2\/users\/1"}],"replies":[{"embeddable":true,"href":"https:\/\/www.csrugs.com\/de\/wp-json\/wp\/v2\/comments?post=3270"}],"version-history":[{"count":3,"href":"https:\/\/www.csrugs.com\/de\/wp-json\/wp\/v2\/pages\/3270\/revisions"}],"predecessor-version":[{"id":4049,"href":"https:\/\/www.csrugs.com\/de\/wp-json\/wp\/v2\/pages\/3270\/revisions\/4049"}],"wp:attachment":[{"href":"https:\/\/www.csrugs.com\/de\/wp-json\/wp\/v2\/media?parent=3270"}],"curies":[{"name":"wp","href":"https:\/\/api.w.org\/{rel}","templated":true}]}}