        {"id":33,"date":"2021-07-27T11:18:02","date_gmt":"2021-07-27T09:18:02","guid":{"rendered":"https:\/\/csrugs.com.s927.whserver.nl\/shop\/"},"modified":"2025-09-30T13:51:50","modified_gmt":"2025-09-30T11:51:50","slug":"cs-shop","status":"publish","type":"page","link":"https:\/\/www.csrugs.com\/de\/cs-shop\/","title":{"rendered":"Designer rugs"},"content":{"rendered":"\n<p><strong>CSrugs arbeitet regelm\u00e4\u00dfig mit professionellen Designern aus dem In- und Ausland zusammen.<\/strong><\/p>\n\n\n\n<p>Wir sind immer auf der Suche nach besonderen Kooperationen. Die Designer lassen sich von den Fertigungsanlagen und dem Studio von CS rugs inspirieren, danach folgt ein intensiver Prozess von der Idee bis zur Umsetzung. Manchmal werden Garn- und Produktionstechniken bis zum \u00c4u\u00dfersten herausgefordert. Das Endergebnis ist eine Reihe sehr unterschiedlicher und einzigartiger [holl\u00e4ndischer] Designteppiche und Wandteppiche.<\/p>\n\n\n\n<p>Im Rahmen des <a href=\"https:\/\/www.csrugs.com\/de\/designer-shop\/freedom\/\">FREEDOM-Projekts<\/a> sind eine Reihe von Designteppichen entstanden. Andere Design Objekte sind wertvolle Kooperationen, alle mit einer wunderbaren Geschichte.<\/p>\n\n\n\n<p><\/p>\n","protected":false},"excerpt":{"rendered":"<p>CSrugs arbeitet regelm\u00e4\u00dfig mit professionellen Designern aus dem In- und Ausland zusammen. Wir sind immer auf der Suche nach besonderen &hellip;<\/p>\n","protected":false},"author":1,"featured_media":0,"parent":0,"menu_order":0,"comment_status":"closed","ping_status":"closed","template":"","meta":{"footnotes":""},"class_list":["post-33","page","type-page","status-publish","hentry"],"acf":[],"yoast_head":"<!-- This site is optimized with the Yoast SEO plugin v21.7 - https:\/\/yoast.com\/wordpress\/plugins\/seo\/ -->\n<title>Designer rugs - CS rugs - Innovative custom made rugs<\/title>\n<meta name=\"robots\" content=\"index, follow, max-snippet:-1, max-image-preview:large, max-video-preview:-1\" \/>\n<link rel=\"canonical\" href=\"https:\/\/www.csrugs.com\/de\/cs-shop\/\" \/>\n<meta property=\"og:locale\" content=\"de_DE\" \/>\n<meta property=\"og:type\" content=\"article\" \/>\n<meta property=\"og:title\" content=\"Designer rugs - CS rugs - Innovative custom made rugs\" \/>\n<meta property=\"og:description\" content=\"CSrugs arbeitet regelm\u00e4\u00dfig mit professionellen Designern aus dem In- und Ausland zusammen. Wir sind immer auf der Suche nach besonderen &hellip;\" \/>\n<meta property=\"og:url\" content=\"https:\/\/www.csrugs.com\/de\/cs-shop\/\" \/>\n<meta property=\"og:site_name\" content=\"CS rugs\" \/>\n<meta property=\"article:modified_time\" content=\"2025-09-30T11:51:50+00:00\" \/>\n<meta name=\"twitter:card\" content=\"summary_large_image\" \/>\n<meta name=\"twitter:label1\" content=\"Gesch\u00e4tzte Lesezeit\" \/>\n\t<meta name=\"twitter:data1\" content=\"1\u00a0Minute\" \/>\n<script type=\"application\/ld+json\" class=\"yoast-schema-graph\">{\"@context\":\"https:\/\/schema.org\",\"@graph\":[{\"@type\":\"WebPage\",\"@id\":\"https:\/\/www.csrugs.com\/de\/cs-shop\/\",\"url\":\"https:\/\/www.csrugs.com\/de\/cs-shop\/\",\"name\":\"Designer rugs - CS rugs - Innovative custom made rugs\",\"isPartOf\":{\"@id\":\"https:\/\/www.csrugs.com\/de\/#website\"},\"datePublished\":\"2021-07-27T09:18:02+00:00\",\"dateModified\":\"2025-09-30T11:51:50+00:00\",\"inLanguage\":\"de\",\"potentialAction\":[{\"@type\":\"ReadAction\",\"target\":[\"https:\/\/www.csrugs.com\/de\/cs-shop\/\"]}]},{\"@type\":\"WebSite\",\"@id\":\"https:\/\/www.csrugs.com\/de\/#website\",\"url\":\"https:\/\/www.csrugs.com\/de\/\",\"name\":\"CS rugs\",\"description\":\"Innovative custom made rugs\",\"potentialAction\":[{\"@type\":\"SearchAction\",\"target\":{\"@type\":\"EntryPoint\",\"urlTemplate\":\"https:\/\/www.csrugs.com\/de\/?s={search_term_string}\"},\"query-input\":\"required name=search_term_string\"}],\"inLanguage\":\"de\"}]}<\/script>\n<!-- \/ Yoast SEO plugin. -->","yoast_head_json":{"title":"Designer rugs - CS rugs - Innovative custom made rugs","robots":{"index":"index","follow":"follow","max-snippet":"max-snippet:-1","max-image-preview":"max-image-preview:large","max-video-preview":"max-video-preview:-1"},"canonical":"https:\/\/www.csrugs.com\/de\/cs-shop\/","og_locale":"de_DE","og_type":"article","og_title":"Designer rugs - CS rugs - Innovative custom made rugs","og_description":"CSrugs arbeitet regelm\u00e4\u00dfig mit professionellen Designern aus dem In- und Ausland zusammen. Wir sind immer auf der Suche nach besonderen &hellip;","og_url":"https:\/\/www.csrugs.com\/de\/cs-shop\/","og_site_name":"CS rugs","article_modified_time":"2025-09-30T11:51:50+00:00","twitter_card":"summary_large_image","twitter_misc":{"Gesch\u00e4tzte Lesezeit":"1\u00a0Minute"},"schema":{"@context":"https:\/\/schema.org","@graph":[{"@type":"WebPage","@id":"https:\/\/www.csrugs.com\/de\/cs-shop\/","url":"https:\/\/www.csrugs.com\/de\/cs-shop\/","name":"Designer rugs - CS rugs - Innovative custom made rugs","isPartOf":{"@id":"https:\/\/www.csrugs.com\/de\/#website"},"datePublished":"2021-07-27T09:18:02+00:00","dateModified":"2025-09-30T11:51:50+00:00","inLanguage":"de","potentialAction":[{"@type":"ReadAction","target":["https:\/\/www.csrugs.com\/de\/cs-shop\/"]}]},{"@type":"WebSite","@id":"https:\/\/www.csrugs.com\/de\/#website","url":"https:\/\/www.csrugs.com\/de\/","name":"CS rugs","description":"Innovative custom made rugs","potentialAction":[{"@type":"SearchAction","target":{"@type":"EntryPoint","urlTemplate":"https:\/\/www.csrugs.com\/de\/?s={search_term_string}"},"query-input":"required name=search_term_string"}],"inLanguage":"de"}]}},"_links":{"self":[{"href":"https:\/\/www.csrugs.com\/de\/wp-json\/wp\/v2\/pages\/33","targetHints":{"allow":["GET"]}}],"collection":[{"href":"https:\/\/www.csrugs.com\/de\/wp-json\/wp\/v2\/pages"}],"about":[{"href":"https:\/\/www.csrugs.com\/de\/wp-json\/wp\/v2\/types\/page"}],"author":[{"embeddable":true,"href":"https:\/\/www.csrugs.com\/de\/wp-json\/wp\/v2\/users\/1"}],"replies":[{"embeddable":true,"href":"https:\/\/www.csrugs.com\/de\/wp-json\/wp\/v2\/comments?post=33"}],"version-history":[{"count":8,"href":"https:\/\/www.csrugs.com\/de\/wp-json\/wp\/v2\/pages\/33\/revisions"}],"predecessor-version":[{"id":6163,"href":"https:\/\/www.csrugs.com\/de\/wp-json\/wp\/v2\/pages\/33\/revisions\/6163"}],"wp:attachment":[{"href":"https:\/\/www.csrugs.com\/de\/wp-json\/wp\/v2\/media?parent=33"}],"curies":[{"name":"wp","href":"https:\/\/api.w.org\/{rel}","templated":true}]}}