        {"id":2934,"date":"2021-10-08T15:47:19","date_gmt":"2021-10-08T13:47:19","guid":{"rendered":"https:\/\/www.csrugs.com\/product\/irma-boom\/"},"modified":"2022-09-27T15:47:15","modified_gmt":"2022-09-27T13:47:15","slug":"irma-boom","status":"publish","type":"product","link":"https:\/\/www.csrugs.com\/de\/product\/irma-boom\/","title":{"rendered":"Irma Boom"},"content":{"rendered":"<p>Die Grafikdesignerin Irma Boom hat einen Teppich entworfen, der auf dem Buch &#8222;Architectura&#8220; des r\u00f6mischen Architekten und Feldherrn Vitruvius basiert. Die Originaltexte werden von Kommentaren sp\u00e4terer Architekten und Philosophen begleitet, die sich in dem vielschichtigen Teppich widerspiegeln. Boom hat f\u00fcr diesen Teppich Plan von allen 230 Seiten erstellt.<\/p>\n","protected":false},"excerpt":{"rendered":"<p>Die Grafikdesignerin Irma Boom hat einen Teppich entworfen, der auf dem Buch &#8222;Architectura&#8220; des r\u00f6mischen Architekten und Feldherrn Vitruvius basiert. &hellip;<\/p>\n","protected":false},"featured_media":406,"comment_status":"closed","ping_status":"closed","template":"","meta":[],"product_cat":[115,35],"product_tag":[],"class_list":{"0":"post-2934","1":"product","2":"type-product","3":"status-publish","4":"has-post-thumbnail","6":"product_cat-design-gallery","7":"product_cat-rezept","8":"product_shipping_class-2x25x18-de","10":"first","11":"instock","12":"taxable","13":"shipping-taxable","14":"purchasable","15":"product-type-variable"},"acf":[],"yoast_head":"<!-- This site is optimized with the Yoast SEO plugin v21.7 - https:\/\/yoast.com\/wordpress\/plugins\/seo\/ -->\n<title>Irma Boom - CS rugs - Innovative custom made rugs<\/title>\n<meta name=\"robots\" content=\"index, follow, max-snippet:-1, max-image-preview:large, max-video-preview:-1\" \/>\n<link rel=\"canonical\" href=\"https:\/\/www.csrugs.com\/de\/product\/irma-boom\/\" \/>\n<meta property=\"og:locale\" content=\"de_DE\" \/>\n<meta property=\"og:type\" content=\"article\" \/>\n<meta property=\"og:title\" content=\"Irma Boom - CS rugs - Innovative custom made rugs\" \/>\n<meta property=\"og:description\" content=\"Die Grafikdesignerin Irma Boom hat einen Teppich entworfen, der auf dem Buch &#8222;Architectura&#8220; des r\u00f6mischen Architekten und Feldherrn Vitruvius basiert. &hellip;\" \/>\n<meta property=\"og:url\" content=\"https:\/\/www.csrugs.com\/de\/product\/irma-boom\/\" \/>\n<meta property=\"og:site_name\" content=\"CS rugs\" \/>\n<meta property=\"article:modified_time\" content=\"2022-09-27T13:47:15+00:00\" \/>\n<meta property=\"og:image\" content=\"https:\/\/www.csrugs.com\/wp-content\/uploads\/2021\/10\/Irma-Boom-designer.jpg\" \/>\n\t<meta property=\"og:image:width\" content=\"1024\" \/>\n\t<meta property=\"og:image:height\" content=\"1365\" \/>\n\t<meta property=\"og:image:type\" content=\"image\/jpeg\" \/>\n<meta name=\"twitter:card\" content=\"summary_large_image\" \/>\n<meta name=\"twitter:label1\" content=\"Gesch\u00e4tzte Lesezeit\" \/>\n\t<meta name=\"twitter:data1\" content=\"1\u00a0Minute\" \/>\n<script type=\"application\/ld+json\" class=\"yoast-schema-graph\">{\"@context\":\"https:\/\/schema.org\",\"@graph\":[{\"@type\":\"WebPage\",\"@id\":\"https:\/\/www.csrugs.com\/de\/product\/irma-boom\/\",\"url\":\"https:\/\/www.csrugs.com\/de\/product\/irma-boom\/\",\"name\":\"Irma Boom - CS rugs - Innovative custom made rugs\",\"isPartOf\":{\"@id\":\"https:\/\/www.csrugs.com\/de\/#website\"},\"datePublished\":\"2021-10-08T13:47:19+00:00\",\"dateModified\":\"2022-09-27T13:47:15+00:00\",\"inLanguage\":\"de\",\"potentialAction\":[{\"@type\":\"ReadAction\",\"target\":[\"https:\/\/www.csrugs.com\/de\/product\/irma-boom\/\"]}]},{\"@type\":\"WebSite\",\"@id\":\"https:\/\/www.csrugs.com\/de\/#website\",\"url\":\"https:\/\/www.csrugs.com\/de\/\",\"name\":\"CS rugs\",\"description\":\"Innovative custom made rugs\",\"potentialAction\":[{\"@type\":\"SearchAction\",\"target\":{\"@type\":\"EntryPoint\",\"urlTemplate\":\"https:\/\/www.csrugs.com\/de\/?s={search_term_string}\"},\"query-input\":\"required name=search_term_string\"}],\"inLanguage\":\"de\"}]}<\/script>\n<!-- \/ Yoast SEO plugin. -->","yoast_head_json":{"title":"Irma Boom - CS rugs - Innovative custom made rugs","robots":{"index":"index","follow":"follow","max-snippet":"max-snippet:-1","max-image-preview":"max-image-preview:large","max-video-preview":"max-video-preview:-1"},"canonical":"https:\/\/www.csrugs.com\/de\/product\/irma-boom\/","og_locale":"de_DE","og_type":"article","og_title":"Irma Boom - CS rugs - Innovative custom made rugs","og_description":"Die Grafikdesignerin Irma Boom hat einen Teppich entworfen, der auf dem Buch &#8222;Architectura&#8220; des r\u00f6mischen Architekten und Feldherrn Vitruvius basiert. &hellip;","og_url":"https:\/\/www.csrugs.com\/de\/product\/irma-boom\/","og_site_name":"CS rugs","article_modified_time":"2022-09-27T13:47:15+00:00","og_image":[{"width":1024,"height":1365,"url":"https:\/\/www.csrugs.com\/wp-content\/uploads\/2021\/10\/Irma-Boom-designer.jpg","type":"image\/jpeg"}],"twitter_card":"summary_large_image","twitter_misc":{"Gesch\u00e4tzte Lesezeit":"1\u00a0Minute"},"schema":{"@context":"https:\/\/schema.org","@graph":[{"@type":"WebPage","@id":"https:\/\/www.csrugs.com\/de\/product\/irma-boom\/","url":"https:\/\/www.csrugs.com\/de\/product\/irma-boom\/","name":"Irma Boom - CS rugs - Innovative custom made rugs","isPartOf":{"@id":"https:\/\/www.csrugs.com\/de\/#website"},"datePublished":"2021-10-08T13:47:19+00:00","dateModified":"2022-09-27T13:47:15+00:00","inLanguage":"de","potentialAction":[{"@type":"ReadAction","target":["https:\/\/www.csrugs.com\/de\/product\/irma-boom\/"]}]},{"@type":"WebSite","@id":"https:\/\/www.csrugs.com\/de\/#website","url":"https:\/\/www.csrugs.com\/de\/","name":"CS rugs","description":"Innovative custom made rugs","potentialAction":[{"@type":"SearchAction","target":{"@type":"EntryPoint","urlTemplate":"https:\/\/www.csrugs.com\/de\/?s={search_term_string}"},"query-input":"required name=search_term_string"}],"inLanguage":"de"}]}},"_links":{"self":[{"href":"https:\/\/www.csrugs.com\/de\/wp-json\/wp\/v2\/product\/2934","targetHints":{"allow":["GET"]}}],"collection":[{"href":"https:\/\/www.csrugs.com\/de\/wp-json\/wp\/v2\/product"}],"about":[{"href":"https:\/\/www.csrugs.com\/de\/wp-json\/wp\/v2\/types\/product"}],"replies":[{"embeddable":true,"href":"https:\/\/www.csrugs.com\/de\/wp-json\/wp\/v2\/comments?post=2934"}],"wp:featuredmedia":[{"embeddable":true,"href":"https:\/\/www.csrugs.com\/de\/wp-json\/wp\/v2\/media\/406"}],"wp:attachment":[{"href":"https:\/\/www.csrugs.com\/de\/wp-json\/wp\/v2\/media?parent=2934"}],"wp:term":[{"taxonomy":"product_cat","embeddable":true,"href":"https:\/\/www.csrugs.com\/de\/wp-json\/wp\/v2\/product_cat?post=2934"},{"taxonomy":"product_tag","embeddable":true,"href":"https:\/\/www.csrugs.com\/de\/wp-json\/wp\/v2\/product_tag?post=2934"}],"curies":[{"name":"wp","href":"https:\/\/api.w.org\/{rel}","templated":true}]}}