        {"id":2970,"date":"2021-10-08T16:11:52","date_gmt":"2021-10-08T14:11:52","guid":{"rendered":"https:\/\/www.csrugs.com\/product\/jolan-van-der-wiel\/"},"modified":"2022-09-27T15:37:14","modified_gmt":"2022-09-27T13:37:14","slug":"jolan-van-der-wiel","status":"publish","type":"product","link":"https:\/\/www.csrugs.com\/de\/product\/jolan-van-der-wiel\/","title":{"rendered":"J\u00f3lan van der Wiel"},"content":{"rendered":"<p>J\u00f3lan lie\u00df sich von der globalen Erw\u00e4rmung und dem Anstieg des Meeresspiegels zu einem Teppich inspirieren, auf dem die Geb\u00e4ude der Zukunft von der Vegetation \u00fcberwuchert werden. Er \u00fcbersetzte seine Vision, dass k\u00fcnftige Geb\u00e4ude von der Vegetation \u00fcberwuchert werden.<\/p>\n","protected":false},"excerpt":{"rendered":"<p>J\u00f3lan lie\u00df sich von der globalen Erw\u00e4rmung und dem Anstieg des Meeresspiegels zu einem Teppich inspirieren, auf dem die Geb\u00e4ude &hellip;<\/p>\n","protected":false},"featured_media":416,"comment_status":"closed","ping_status":"closed","template":"","meta":[],"product_cat":[115,35],"product_tag":[],"class_list":{"0":"post-2970","1":"product","2":"type-product","3":"status-publish","4":"has-post-thumbnail","6":"product_cat-design-gallery","7":"product_cat-rezept","8":"product_shipping_class-24x40x444-de","10":"first","11":"instock","12":"taxable","13":"shipping-taxable","14":"purchasable","15":"product-type-variable"},"acf":[],"yoast_head":"<!-- This site is optimized with the Yoast SEO plugin v21.7 - https:\/\/yoast.com\/wordpress\/plugins\/seo\/ -->\n<title>J\u00f3lan van der Wiel - CS rugs - Innovative custom made rugs<\/title>\n<meta name=\"robots\" content=\"index, follow, max-snippet:-1, max-image-preview:large, max-video-preview:-1\" \/>\n<link rel=\"canonical\" href=\"https:\/\/www.csrugs.com\/de\/product\/jolan-van-der-wiel\/\" \/>\n<meta property=\"og:locale\" content=\"de_DE\" \/>\n<meta property=\"og:type\" content=\"article\" \/>\n<meta property=\"og:title\" content=\"J\u00f3lan van der Wiel - CS rugs - Innovative custom made rugs\" \/>\n<meta property=\"og:description\" content=\"J\u00f3lan lie\u00df sich von der globalen Erw\u00e4rmung und dem Anstieg des Meeresspiegels zu einem Teppich inspirieren, auf dem die Geb\u00e4ude &hellip;\" \/>\n<meta property=\"og:url\" content=\"https:\/\/www.csrugs.com\/de\/product\/jolan-van-der-wiel\/\" \/>\n<meta property=\"og:site_name\" content=\"CS rugs\" \/>\n<meta property=\"article:modified_time\" content=\"2022-09-27T13:37:14+00:00\" \/>\n<meta property=\"og:image\" content=\"https:\/\/www.csrugs.com\/wp-content\/uploads\/2021\/10\/jolan-van-der-wiel-designer.jpg\" \/>\n\t<meta property=\"og:image:width\" content=\"1024\" \/>\n\t<meta property=\"og:image:height\" content=\"1365\" \/>\n\t<meta property=\"og:image:type\" content=\"image\/jpeg\" \/>\n<meta name=\"twitter:card\" content=\"summary_large_image\" \/>\n<meta name=\"twitter:label1\" content=\"Gesch\u00e4tzte Lesezeit\" \/>\n\t<meta name=\"twitter:data1\" content=\"1\u00a0Minute\" \/>\n<script type=\"application\/ld+json\" class=\"yoast-schema-graph\">{\"@context\":\"https:\/\/schema.org\",\"@graph\":[{\"@type\":\"WebPage\",\"@id\":\"https:\/\/www.csrugs.com\/de\/product\/jolan-van-der-wiel\/\",\"url\":\"https:\/\/www.csrugs.com\/de\/product\/jolan-van-der-wiel\/\",\"name\":\"J\u00f3lan van der Wiel - CS rugs - Innovative custom made rugs\",\"isPartOf\":{\"@id\":\"https:\/\/www.csrugs.com\/de\/#website\"},\"datePublished\":\"2021-10-08T14:11:52+00:00\",\"dateModified\":\"2022-09-27T13:37:14+00:00\",\"inLanguage\":\"de\",\"potentialAction\":[{\"@type\":\"ReadAction\",\"target\":[\"https:\/\/www.csrugs.com\/de\/product\/jolan-van-der-wiel\/\"]}]},{\"@type\":\"WebSite\",\"@id\":\"https:\/\/www.csrugs.com\/de\/#website\",\"url\":\"https:\/\/www.csrugs.com\/de\/\",\"name\":\"CS rugs\",\"description\":\"Innovative custom made rugs\",\"potentialAction\":[{\"@type\":\"SearchAction\",\"target\":{\"@type\":\"EntryPoint\",\"urlTemplate\":\"https:\/\/www.csrugs.com\/de\/?s={search_term_string}\"},\"query-input\":\"required name=search_term_string\"}],\"inLanguage\":\"de\"}]}<\/script>\n<!-- \/ Yoast SEO plugin. -->","yoast_head_json":{"title":"J\u00f3lan van der Wiel - CS rugs - Innovative custom made rugs","robots":{"index":"index","follow":"follow","max-snippet":"max-snippet:-1","max-image-preview":"max-image-preview:large","max-video-preview":"max-video-preview:-1"},"canonical":"https:\/\/www.csrugs.com\/de\/product\/jolan-van-der-wiel\/","og_locale":"de_DE","og_type":"article","og_title":"J\u00f3lan van der Wiel - CS rugs - Innovative custom made rugs","og_description":"J\u00f3lan lie\u00df sich von der globalen Erw\u00e4rmung und dem Anstieg des Meeresspiegels zu einem Teppich inspirieren, auf dem die Geb\u00e4ude &hellip;","og_url":"https:\/\/www.csrugs.com\/de\/product\/jolan-van-der-wiel\/","og_site_name":"CS rugs","article_modified_time":"2022-09-27T13:37:14+00:00","og_image":[{"width":1024,"height":1365,"url":"https:\/\/www.csrugs.com\/wp-content\/uploads\/2021\/10\/jolan-van-der-wiel-designer.jpg","type":"image\/jpeg"}],"twitter_card":"summary_large_image","twitter_misc":{"Gesch\u00e4tzte Lesezeit":"1\u00a0Minute"},"schema":{"@context":"https:\/\/schema.org","@graph":[{"@type":"WebPage","@id":"https:\/\/www.csrugs.com\/de\/product\/jolan-van-der-wiel\/","url":"https:\/\/www.csrugs.com\/de\/product\/jolan-van-der-wiel\/","name":"J\u00f3lan van der Wiel - CS rugs - Innovative custom made rugs","isPartOf":{"@id":"https:\/\/www.csrugs.com\/de\/#website"},"datePublished":"2021-10-08T14:11:52+00:00","dateModified":"2022-09-27T13:37:14+00:00","inLanguage":"de","potentialAction":[{"@type":"ReadAction","target":["https:\/\/www.csrugs.com\/de\/product\/jolan-van-der-wiel\/"]}]},{"@type":"WebSite","@id":"https:\/\/www.csrugs.com\/de\/#website","url":"https:\/\/www.csrugs.com\/de\/","name":"CS rugs","description":"Innovative custom made rugs","potentialAction":[{"@type":"SearchAction","target":{"@type":"EntryPoint","urlTemplate":"https:\/\/www.csrugs.com\/de\/?s={search_term_string}"},"query-input":"required name=search_term_string"}],"inLanguage":"de"}]}},"_links":{"self":[{"href":"https:\/\/www.csrugs.com\/de\/wp-json\/wp\/v2\/product\/2970","targetHints":{"allow":["GET"]}}],"collection":[{"href":"https:\/\/www.csrugs.com\/de\/wp-json\/wp\/v2\/product"}],"about":[{"href":"https:\/\/www.csrugs.com\/de\/wp-json\/wp\/v2\/types\/product"}],"replies":[{"embeddable":true,"href":"https:\/\/www.csrugs.com\/de\/wp-json\/wp\/v2\/comments?post=2970"}],"wp:featuredmedia":[{"embeddable":true,"href":"https:\/\/www.csrugs.com\/de\/wp-json\/wp\/v2\/media\/416"}],"wp:attachment":[{"href":"https:\/\/www.csrugs.com\/de\/wp-json\/wp\/v2\/media?parent=2970"}],"wp:term":[{"taxonomy":"product_cat","embeddable":true,"href":"https:\/\/www.csrugs.com\/de\/wp-json\/wp\/v2\/product_cat?post=2970"},{"taxonomy":"product_tag","embeddable":true,"href":"https:\/\/www.csrugs.com\/de\/wp-json\/wp\/v2\/product_tag?post=2970"}],"curies":[{"name":"wp","href":"https:\/\/api.w.org\/{rel}","templated":true}]}}