        {"id":4734,"date":"2021-10-07T16:28:59","date_gmt":"2023-11-09T15:28:59","guid":{"rendered":"https:\/\/www.csrugs.com\/product\/remy-meijers\/"},"modified":"2024-02-19T12:16:00","modified_gmt":"2024-02-19T11:16:00","slug":"remy-meijers","status":"publish","type":"product","link":"https:\/\/www.csrugs.com\/de\/product\/remy-meijers\/","title":{"rendered":"Remy Meijers"},"content":{"rendered":"<p>Im Jahr 2012 erscheint die Remy Meijers Collection mit M\u00f6beln und Accessoires, die aus seinen Einrichtungsprojekten hervorgegangen sind. Mit seiner eigenen Kollektion macht er auch deutlich, dass seine Entw\u00fcrfe dank ihrer charakteristischen Formensprache auch anderenorts eingesetzt werden k\u00f6nnen. Immer h\u00e4ufiger wird er gebeten, f\u00fcr f\u00fchrende Marken zu entwerfen. Als Produktdesigner sucht er daher regelm\u00e4\u00dfig die Zusammenarbeit mit Unternehmen, die in ihrem Bereich f\u00fchrend sind, beispielsweise Gelderland, CS rugs, Borek und Nilson Beds. Dies f\u00fchrt zu einer interessanten Wechselwirkung: Seine Entw\u00fcrfe erg\u00e4nzen bestehende Kollektionen, aber Remy Meijers&#8216; wichtigstes Prinzip besteht darin, da\u00df er diese in seine eigenen Interieur Konzepte integrieren kann und will. Auf diese Weise schafft er eine zus\u00e4tzliche Ebene f\u00fcr seinen Interieurs.<\/p>\n<p>Bei den Einrichtungsprojekten von Remy Meijers verst\u00e4rken sich alle Elemente gegenseitig. Um ein perfektes Gleichgewicht zu erreichen, zieht er es vor, die M\u00f6bel selbst zu entwerfen. So ist im Laufe der Jahre eine beeindruckende Kollektion entstanden. Sie umfasst Tische, Aufbewahrungsm\u00f6bel, Sitzm\u00f6bel, Teppiche Leuchten und Accessoires. Zusammen bilden sie die Remy Meijers Collection. Aufgrund ihres authentischen Aussehens und ihrer kraftvollen, aber unaufdringlichen Ausstrahlung lassen sich alle Entw\u00fcrfe nicht nur in seinen eigenen Projekten, sondern auch in anderen R\u00e4umen problemlos einsetzen.<\/p>\n","protected":false},"excerpt":{"rendered":"<p>Im Jahr 2012 erscheint die Remy Meijers Collection mit M\u00f6beln und Accessoires, die aus seinen Einrichtungsprojekten hervorgegangen sind. Mit seiner &hellip;<\/p>\n","protected":false},"featured_media":4899,"comment_status":"closed","ping_status":"closed","template":"","meta":[],"product_cat":[115],"product_tag":[],"class_list":{"0":"post-4734","1":"product","2":"type-product","3":"status-publish","4":"has-post-thumbnail","6":"product_cat-design-gallery","7":"product_shipping_class-2x25x16-de","9":"first","10":"instock","11":"taxable","12":"shipping-taxable","13":"purchasable","14":"product-type-variable"},"acf":[],"yoast_head":"<!-- This site is optimized with the Yoast SEO plugin v21.7 - https:\/\/yoast.com\/wordpress\/plugins\/seo\/ -->\n<title>Remy Meijers - CS rugs - Innovative custom made rugs<\/title>\n<meta name=\"robots\" content=\"index, follow, max-snippet:-1, max-image-preview:large, max-video-preview:-1\" \/>\n<link rel=\"canonical\" href=\"https:\/\/www.csrugs.com\/de\/product\/remy-meijers\/\" \/>\n<meta property=\"og:locale\" content=\"de_DE\" \/>\n<meta property=\"og:type\" content=\"article\" \/>\n<meta property=\"og:title\" content=\"Remy Meijers - CS rugs - Innovative custom made rugs\" \/>\n<meta property=\"og:description\" content=\"Im Jahr 2012 erscheint die Remy Meijers Collection mit M\u00f6beln und Accessoires, die aus seinen Einrichtungsprojekten hervorgegangen sind. Mit seiner &hellip;\" \/>\n<meta property=\"og:url\" content=\"https:\/\/www.csrugs.com\/de\/product\/remy-meijers\/\" \/>\n<meta property=\"og:site_name\" content=\"CS rugs\" \/>\n<meta property=\"article:modified_time\" content=\"2024-02-19T11:16:00+00:00\" \/>\n<meta property=\"og:image\" content=\"https:\/\/www.csrugs.com\/wp-content\/uploads\/2021\/10\/TAN-TAN-Remy_Meijers_1-interior-with-Tan-Tan-rug.jpg\" \/>\n\t<meta property=\"og:image:width\" content=\"1024\" \/>\n\t<meta property=\"og:image:height\" content=\"683\" \/>\n\t<meta property=\"og:image:type\" content=\"image\/jpeg\" \/>\n<meta name=\"twitter:card\" content=\"summary_large_image\" \/>\n<meta name=\"twitter:label1\" content=\"Gesch\u00e4tzte Lesezeit\" \/>\n\t<meta name=\"twitter:data1\" content=\"2\u00a0Minuten\" \/>\n<script type=\"application\/ld+json\" class=\"yoast-schema-graph\">{\"@context\":\"https:\/\/schema.org\",\"@graph\":[{\"@type\":\"WebPage\",\"@id\":\"https:\/\/www.csrugs.com\/de\/product\/remy-meijers\/\",\"url\":\"https:\/\/www.csrugs.com\/de\/product\/remy-meijers\/\",\"name\":\"Remy Meijers - CS rugs - Innovative custom made rugs\",\"isPartOf\":{\"@id\":\"https:\/\/www.csrugs.com\/de\/#website\"},\"datePublished\":\"2023-11-09T15:28:59+00:00\",\"dateModified\":\"2024-02-19T11:16:00+00:00\",\"inLanguage\":\"de\",\"potentialAction\":[{\"@type\":\"ReadAction\",\"target\":[\"https:\/\/www.csrugs.com\/de\/product\/remy-meijers\/\"]}]},{\"@type\":\"WebSite\",\"@id\":\"https:\/\/www.csrugs.com\/de\/#website\",\"url\":\"https:\/\/www.csrugs.com\/de\/\",\"name\":\"CS rugs\",\"description\":\"Innovative custom made rugs\",\"potentialAction\":[{\"@type\":\"SearchAction\",\"target\":{\"@type\":\"EntryPoint\",\"urlTemplate\":\"https:\/\/www.csrugs.com\/de\/?s={search_term_string}\"},\"query-input\":\"required name=search_term_string\"}],\"inLanguage\":\"de\"}]}<\/script>\n<!-- \/ Yoast SEO plugin. -->","yoast_head_json":{"title":"Remy Meijers - CS rugs - Innovative custom made rugs","robots":{"index":"index","follow":"follow","max-snippet":"max-snippet:-1","max-image-preview":"max-image-preview:large","max-video-preview":"max-video-preview:-1"},"canonical":"https:\/\/www.csrugs.com\/de\/product\/remy-meijers\/","og_locale":"de_DE","og_type":"article","og_title":"Remy Meijers - CS rugs - Innovative custom made rugs","og_description":"Im Jahr 2012 erscheint die Remy Meijers Collection mit M\u00f6beln und Accessoires, die aus seinen Einrichtungsprojekten hervorgegangen sind. Mit seiner &hellip;","og_url":"https:\/\/www.csrugs.com\/de\/product\/remy-meijers\/","og_site_name":"CS rugs","article_modified_time":"2024-02-19T11:16:00+00:00","og_image":[{"width":1024,"height":683,"url":"https:\/\/www.csrugs.com\/wp-content\/uploads\/2021\/10\/TAN-TAN-Remy_Meijers_1-interior-with-Tan-Tan-rug.jpg","type":"image\/jpeg"}],"twitter_card":"summary_large_image","twitter_misc":{"Gesch\u00e4tzte Lesezeit":"2\u00a0Minuten"},"schema":{"@context":"https:\/\/schema.org","@graph":[{"@type":"WebPage","@id":"https:\/\/www.csrugs.com\/de\/product\/remy-meijers\/","url":"https:\/\/www.csrugs.com\/de\/product\/remy-meijers\/","name":"Remy Meijers - CS rugs - Innovative custom made rugs","isPartOf":{"@id":"https:\/\/www.csrugs.com\/de\/#website"},"datePublished":"2023-11-09T15:28:59+00:00","dateModified":"2024-02-19T11:16:00+00:00","inLanguage":"de","potentialAction":[{"@type":"ReadAction","target":["https:\/\/www.csrugs.com\/de\/product\/remy-meijers\/"]}]},{"@type":"WebSite","@id":"https:\/\/www.csrugs.com\/de\/#website","url":"https:\/\/www.csrugs.com\/de\/","name":"CS rugs","description":"Innovative custom made rugs","potentialAction":[{"@type":"SearchAction","target":{"@type":"EntryPoint","urlTemplate":"https:\/\/www.csrugs.com\/de\/?s={search_term_string}"},"query-input":"required name=search_term_string"}],"inLanguage":"de"}]}},"_links":{"self":[{"href":"https:\/\/www.csrugs.com\/de\/wp-json\/wp\/v2\/product\/4734","targetHints":{"allow":["GET"]}}],"collection":[{"href":"https:\/\/www.csrugs.com\/de\/wp-json\/wp\/v2\/product"}],"about":[{"href":"https:\/\/www.csrugs.com\/de\/wp-json\/wp\/v2\/types\/product"}],"replies":[{"embeddable":true,"href":"https:\/\/www.csrugs.com\/de\/wp-json\/wp\/v2\/comments?post=4734"}],"wp:featuredmedia":[{"embeddable":true,"href":"https:\/\/www.csrugs.com\/de\/wp-json\/wp\/v2\/media\/4899"}],"wp:attachment":[{"href":"https:\/\/www.csrugs.com\/de\/wp-json\/wp\/v2\/media?parent=4734"}],"wp:term":[{"taxonomy":"product_cat","embeddable":true,"href":"https:\/\/www.csrugs.com\/de\/wp-json\/wp\/v2\/product_cat?post=4734"},{"taxonomy":"product_tag","embeddable":true,"href":"https:\/\/www.csrugs.com\/de\/wp-json\/wp\/v2\/product_tag?post=4734"}],"curies":[{"name":"wp","href":"https:\/\/api.w.org\/{rel}","templated":true}]}}